{"id":190,"date":"2014-10-20T12:59:59","date_gmt":"2014-10-20T12:59:59","guid":{"rendered":"http:\/\/smashertraining.com\/?page_id=190"},"modified":"2024-10-25T16:32:57","modified_gmt":"2024-10-25T16:32:57","slug":"kapcsolat","status":"publish","type":"page","link":"https:\/\/smashertraining.com\/hu\/kapcsolat\/","title":{"rendered":"KAPCSOLAT"},"content":{"rendered":"<p>[et_pb_section fb_built=&#8221;1&#8243; admin_label=&#8221;section&#8221; _builder_version=&#8221;3.22&#8243;][et_pb_row column_structure=&#8221;1_2,1_2&#8243; admin_label=&#8221;row&#8221; _builder_version=&#8221;3.25&#8243; background_size=&#8221;initial&#8221; background_position=&#8221;top_left&#8221; background_repeat=&#8221;repeat&#8221;][et_pb_column type=&#8221;1_2&#8243; _builder_version=&#8221;3.25&#8243; custom_padding=&#8221;|||&#8221; custom_padding__hover=&#8221;|||&#8221;][et_pb_text admin_label=&#8221;Text&#8221; _builder_version=&#8221;3.27.4&#8243; background_size=&#8221;initial&#8221; background_position=&#8221;top_left&#8221; background_repeat=&#8221;repeat&#8221; use_border_color=&#8221;off&#8221; border_color=&#8221;#ffffff&#8221; border_style=&#8221;solid&#8221;]<\/p>\n<h3>\u00cdrj nek\u00fcnk<\/h3>\n<p>[\/et_pb_text][et_pb_contact_form email=&#8221;hello@smashertraining.com&#8221; submit_button_text=&#8221;Elk\u00fcld&#8221; admin_label=&#8221;Contact Form&#8221; _builder_version=&#8221;4.0.11&#8243; border_radii=&#8221;on|0px|0px|0px|0px&#8221; use_border_color=&#8221;off&#8221; border_color=&#8221;#ffffff&#8221; border_style=&#8221;solid&#8221; input_border_radius=&#8221;0&#8243; button_letter_spacing_hover=&#8221;0&#8243;][et_pb_contact_field field_id=&#8221;Name&#8221; field_title=&#8221;N\u00e9v&#8221; fullwidth_field=&#8221;on&#8221; _builder_version=&#8221;4.0.11&#8243; form_field_font=&#8221;||||&#8221; use_border_color=&#8221;off&#8221; border_style=&#8221;solid&#8221; button_text_size__hover_enabled=&#8221;off&#8221; button_one_text_size__hover_enabled=&#8221;off&#8221; button_two_text_size__hover_enabled=&#8221;off&#8221; button_text_color__hover_enabled=&#8221;off&#8221; button_one_text_color__hover_enabled=&#8221;off&#8221; button_two_text_color__hover_enabled=&#8221;off&#8221; button_border_width__hover_enabled=&#8221;off&#8221; button_one_border_width__hover_enabled=&#8221;off&#8221; button_two_border_width__hover_enabled=&#8221;off&#8221; button_border_color__hover_enabled=&#8221;off&#8221; button_one_border_color__hover_enabled=&#8221;off&#8221; button_two_border_color__hover_enabled=&#8221;off&#8221; button_border_radius__hover_enabled=&#8221;off&#8221; button_one_border_radius__hover_enabled=&#8221;off&#8221; button_two_border_radius__hover_enabled=&#8221;off&#8221; button_letter_spacing__hover_enabled=&#8221;off&#8221; button_one_letter_spacing__hover_enabled=&#8221;off&#8221; button_two_letter_spacing__hover_enabled=&#8221;off&#8221; button_bg_color__hover_enabled=&#8221;off&#8221; button_one_bg_color__hover_enabled=&#8221;off&#8221; button_two_bg_color__hover_enabled=&#8221;off&#8221;][\/et_pb_contact_field][et_pb_contact_field field_id=&#8221;Email&#8221; field_title=&#8221;Email c\u00edm&#8221; field_type=&#8221;email&#8221; fullwidth_field=&#8221;on&#8221; _builder_version=&#8221;4.0.11&#8243; form_field_font=&#8221;||||&#8221; use_border_color=&#8221;off&#8221; border_style=&#8221;solid&#8221; button_text_size__hover_enabled=&#8221;off&#8221; button_one_text_size__hover_enabled=&#8221;off&#8221; button_two_text_size__hover_enabled=&#8221;off&#8221; button_text_color__hover_enabled=&#8221;off&#8221; button_one_text_color__hover_enabled=&#8221;off&#8221; button_two_text_color__hover_enabled=&#8221;off&#8221; button_border_width__hover_enabled=&#8221;off&#8221; button_one_border_width__hover_enabled=&#8221;off&#8221; button_two_border_width__hover_enabled=&#8221;off&#8221; button_border_color__hover_enabled=&#8221;off&#8221; button_one_border_color__hover_enabled=&#8221;off&#8221; button_two_border_color__hover_enabled=&#8221;off&#8221; button_border_radius__hover_enabled=&#8221;off&#8221; button_one_border_radius__hover_enabled=&#8221;off&#8221; button_two_border_radius__hover_enabled=&#8221;off&#8221; button_letter_spacing__hover_enabled=&#8221;off&#8221; button_one_letter_spacing__hover_enabled=&#8221;off&#8221; button_two_letter_spacing__hover_enabled=&#8221;off&#8221; button_bg_color__hover_enabled=&#8221;off&#8221; button_one_bg_color__hover_enabled=&#8221;off&#8221; button_two_bg_color__hover_enabled=&#8221;off&#8221;][\/et_pb_contact_field][et_pb_contact_field field_id=&#8221;Message&#8221; field_title=&#8221;\u00dczenet&#8221; field_type=&#8221;text&#8221; fullwidth_field=&#8221;on&#8221; _builder_version=&#8221;4.0.11&#8243; form_field_font=&#8221;||||&#8221; use_border_color=&#8221;off&#8221; border_style=&#8221;solid&#8221; button_text_size__hover_enabled=&#8221;off&#8221; button_one_text_size__hover_enabled=&#8221;off&#8221; button_two_text_size__hover_enabled=&#8221;off&#8221; button_text_color__hover_enabled=&#8221;off&#8221; button_one_text_color__hover_enabled=&#8221;off&#8221; button_two_text_color__hover_enabled=&#8221;off&#8221; button_border_width__hover_enabled=&#8221;off&#8221; button_one_border_width__hover_enabled=&#8221;off&#8221; button_two_border_width__hover_enabled=&#8221;off&#8221; button_border_color__hover_enabled=&#8221;off&#8221; button_one_border_color__hover_enabled=&#8221;off&#8221; button_two_border_color__hover_enabled=&#8221;off&#8221; button_border_radius__hover_enabled=&#8221;off&#8221; button_one_border_radius__hover_enabled=&#8221;off&#8221; button_two_border_radius__hover_enabled=&#8221;off&#8221; button_letter_spacing__hover_enabled=&#8221;off&#8221; button_one_letter_spacing__hover_enabled=&#8221;off&#8221; button_two_letter_spacing__hover_enabled=&#8221;off&#8221; button_bg_color__hover_enabled=&#8221;off&#8221; button_one_bg_color__hover_enabled=&#8221;off&#8221; button_two_bg_color__hover_enabled=&#8221;off&#8221;][\/et_pb_contact_field][\/et_pb_contact_form][\/et_pb_column][et_pb_column type=&#8221;1_2&#8243; _builder_version=&#8221;3.25&#8243; custom_padding=&#8221;|||&#8221; custom_padding__hover=&#8221;|||&#8221;][et_pb_text admin_label=&#8221;Text&#8221; _builder_version=&#8221;3.27.4&#8243; background_size=&#8221;initial&#8221; background_position=&#8221;top_left&#8221; background_repeat=&#8221;repeat&#8221;]<\/p>\n<h3>C\u00edm<\/h3>\n<p>[\/et_pb_text][et_pb_text admin_label=&#8221;Text&#8221; _builder_version=&#8221;4.0.11&#8243; background_size=&#8221;initial&#8221; background_position=&#8221;top_left&#8221; background_repeat=&#8221;repeat&#8221;]<\/p>\n<p>ELK\u00d6LT\u00d6ZT\u00dcNK!<\/p>\n<p><b>Az \u00faj, mes\u00e9sen sz\u00e9p kil\u00e1t\u00e1ssal rendelkez\u0151 term\u00fcnket a Margitszigeti\u00a0Atl\u00e9tikai Centrumban tal\u00e1lj\u00e1tok!<\/b><\/p>\n<p>(1007 Budapest, Margitszigeti Atl\u00e9tikai Centrum)\u00a0<strong><\/strong><\/p>\n<p>&nbsp;<\/p>\n<p>Hogyan tudsz hozz\u00e1nk eljutni?\u00a0 \u00a0<\/p>\n<p>&#8211; 4\/6-os villamossal: 100m a Margitsziget meg\u00e1ll\u00f3<\/p>\n<p>&#8211; 300m a Margit h\u00edd budai \u00e9s pesti h\u00eddf\u0151je is, ahol a legk\u00f6zelebbi parkol\u00e1si lehet\u0151s\u00e9geket tal\u00e1lod, illetve a 2-es, 17-es villamos \u00e9s a Szentendrei H\u00c9V meg\u00e1ll\u00f3it<\/p>\n<p>&#8211; 26-os busszal: 20m a Margitsziget meg\u00e1ll\u00f3<\/p>\n<p>&#8211; Margitszigeti parkol\u00e1si lehet\u0151s\u00e9get az \u00c1rp\u00e1d h\u00eddi behajt\u00f3n\u00e1l tal\u00e1lsz, onnan 26-os busszal vagy egy hosszabb s\u00e9t\u00e1val \u00e9rsz el minket a szigeten \u00e1t<\/p>\n<p>[\/et_pb_text][\/et_pb_column][\/et_pb_row][et_pb_row admin_label=&#8221;row&#8221; _builder_version=&#8221;4.0.11&#8243; background_size=&#8221;initial&#8221; background_position=&#8221;top_left&#8221; background_repeat=&#8221;repeat&#8221; custom_margin=&#8221;|auto||47px||&#8221; link_option_url_new_window=&#8221;on&#8221;][et_pb_column type=&#8221;4_4&#8243; _builder_version=&#8221;3.25&#8243; custom_padding=&#8221;|||&#8221; custom_padding__hover=&#8221;|||&#8221;][et_pb_text admin_label=&#8221;Text&#8221; _builder_version=&#8221;4.0.11&#8243; background_size=&#8221;initial&#8221; background_position=&#8221;top_left&#8221; background_repeat=&#8221;repeat&#8221; width=&#8221;100%&#8221; custom_padding=&#8221;|||98px||&#8221;]<\/p>\n<h3>Tov\u00e1bbi inform\u00e1ci\u00f3<\/h3>\n<p>K\u00e9nyelmed \u00e9rdek\u00e9ben a kiv\u00e1lasztott edz\u00e9st l\u00e9gy kedves foglald le legk\u00e9s\u0151bb az \u00f3ra id\u0151pontj\u00e1t 24 \u00f3r\u00e1val megel\u0151z\u0151en.\u00a0Az <strong>\u00f3r\u00e1k \u00e9s minden egy\u00e9b szolg\u00e1ltat\u00e1sunk lemond\u00e1s\u00e1t legk\u00e9s\u0151bb az id\u0151pont el\u0151tt 24 \u00f3r\u00e1val tudjuk elfogadni<\/strong>, ezt k\u00f6vet\u0151en sajnos felsz\u00e1moljuk az \u00f3ra\/szolg\u00e1ltat\u00e1s d\u00edj\u00e1t.<\/p>\n<p><strong>Szem\u00e9lyi edz\u00e9sek id\u0151pont foglal\u00e1s<\/strong> lehet\u0151s\u00e9gei:<\/p>\n<ul>\n<li>Facebook \/ Instagram oldalunkon \u00fczenetben<\/li>\n<li>email-en: hello@smashertraining.com<\/li>\n<li>WhatsApp \u00fczenetben a +36 30 4740445 telefonsz\u00e1mra &#8211; WhatsAppon h\u00edvhatsz is minket<\/li>\n<\/ul>\n<p><strong style=\"font-size: 14px;\">Edz\u0151terem haszn\u00e1lat id\u0151pontjainkra <a href=\"https:\/\/smashertraining.setmore.com\/bookclass\" target=\"_blank\" rel=\"noopener noreferrer\">ITT<\/a><\/strong><span style=\"font-size: 14px;\">\u00a0tudsz bejelentkezni.\u00a0<\/span><\/p>\n<p>&nbsp;<\/p>\n<p>[\/et_pb_text][\/et_pb_column][\/et_pb_row][et_pb_row disabled_on=&#8221;on|on|on&#8221; _builder_version=&#8221;4.0.11&#8243; custom_padding=&#8221;0px|||||&#8221; disabled=&#8221;on&#8221;][et_pb_column type=&#8221;4_4&#8243; _builder_version=&#8221;4.0.11&#8243;][et_pb_code _builder_version=&#8221;4.0.11&#8243;]\n<div id=\"sb_instagram\"  class=\"sbi sbi_mob_col_1 sbi_tab_col_2 sbi_col_4 sbi_width_resp sbi_palette_light\" style=\"padding-bottom: 10px;\"\t data-feedid=\"*1\"  data-res=\"auto\" data-cols=\"4\" data-colsmobile=\"1\" data-colstablet=\"2\" data-num=\"20\" data-nummobile=\"20\" data-item-padding=\"5\"\t data-shortcode-atts=\"{&quot;cachetime&quot;:30}\"  data-postid=\"190\" data-locatornonce=\"336c584301\" data-imageaspectratio=\"1:1\" data-sbi-flags=\"favorLocal\">\n\t\n\t<div id=\"sbi_images\"  style=\"gap: 10px;\">\n\t\t\t<\/div>\n\n\t<div id=\"sbi_load\" >\n\n\t\n\t\t\t<span class=\"sbi_follow_btn sbi_custom\" >\n\t\t\t<a target=\"_blank\"\n\t\t\t\trel=\"nofollow noopener\"  href=\"https:\/\/www.instagram.com\/smashertraining\/\" style=\"background: rgb(64,139,209);\">\n\t\t\t\t<svg class=\"svg-inline--fa fa-instagram fa-w-14\" aria-hidden=\"true\" data-fa-processed=\"\" aria-label=\"Instagram\" data-prefix=\"fab\" data-icon=\"instagram\" role=\"img\" viewBox=\"0 0 448 512\">\n                    <path fill=\"currentColor\" d=\"M224.1 141c-63.6 0-114.9 51.3-114.9 114.9s51.3 114.9 114.9 114.9S339 319.5 339 255.9 287.7 141 224.1 141zm0 189.6c-41.1 0-74.7-33.5-74.7-74.7s33.5-74.7 74.7-74.7 74.7 33.5 74.7 74.7-33.6 74.7-74.7 74.7zm146.4-194.3c0 14.9-12 26.8-26.8 26.8-14.9 0-26.8-12-26.8-26.8s12-26.8 26.8-26.8 26.8 12 26.8 26.8zm76.1 27.2c-1.7-35.9-9.9-67.7-36.2-93.9-26.2-26.2-58-34.4-93.9-36.2-37-2.1-147.9-2.1-184.9 0-35.8 1.7-67.6 9.9-93.9 36.1s-34.4 58-36.2 93.9c-2.1 37-2.1 147.9 0 184.9 1.7 35.9 9.9 67.7 36.2 93.9s58 34.4 93.9 36.2c37 2.1 147.9 2.1 184.9 0 35.9-1.7 67.7-9.9 93.9-36.2 26.2-26.2 34.4-58 36.2-93.9 2.1-37 2.1-147.8 0-184.8zM398.8 388c-7.8 19.6-22.9 34.7-42.6 42.6-29.5 11.7-99.5 9-132.1 9s-102.7 2.6-132.1-9c-19.6-7.8-34.7-22.9-42.6-42.6-11.7-29.5-9-99.5-9-132.1s-2.6-102.7 9-132.1c7.8-19.6 22.9-34.7 42.6-42.6 29.5-11.7 99.5-9 132.1-9s102.7-2.6 132.1 9c19.6 7.8 34.7 22.9 42.6 42.6 11.7 29.5 9 99.5 9 132.1s2.7 102.7-9 132.1z\"><\/path>\n                <\/svg>\t\t\t\t<span>Follow on Instagram<\/span>\n\t\t\t<\/a>\n\t\t<\/span>\n\t\n<\/div>\n\t\t<span class=\"sbi_resized_image_data\" data-feed-id=\"*1\"\n\t\t  data-resized=\"[]\">\n\t<\/span>\n\t<\/div>\n\n[\/et_pb_code][\/et_pb_column][\/et_pb_row][\/et_pb_section][et_pb_section fb_built=&#8221;1&#8243; fullwidth=&#8221;on&#8221; _builder_version=&#8221;4.0.11&#8243;][et_pb_fullwidth_code _builder_version=&#8221;4.0.11&#8243; hover_enabled=&#8221;0&#8243;]<iframe src=\"https:\/\/www.google.com\/maps\/embed?pb=!1m18!1m12!1m3!1d5389.201664605407!2d19.037924855420346!3d47.51716445208081!2m3!1f0!2f0!3f0!3m2!1i1024!2i768!4f13.1!3m3!1m2!1s0x4741dd2ed96beba3%3A0x2f0cfef1a1d6a3e4!2sSMASHER%20TRAINING%20SYSTEMS!5e0!3m2!1sen!2shu!4v1729873816587!5m2!1sen!2shu\" width=\"1400\" height=\"470\" style=\"border:0;\" allowfullscreen=\"\" loading=\"lazy\" referrerpolicy=\"no-referrer-when-downgrade\"><\/iframe>[\/et_pb_fullwidth_code][\/et_pb_section]<\/p>\n","protected":false},"excerpt":{"rendered":"<p>[et_pb_section fb_built=&#8221;1&#8243; admin_label=&#8221;section&#8221; _builder_version=&#8221;3.22&#8243;][et_pb_row column_structure=&#8221;1_2,1_2&#8243; admin_label=&#8221;row&#8221; _builder_version=&#8221;3.25&#8243; background_size=&#8221;initial&#8221; background_position=&#8221;top_left&#8221; background_repeat=&#8221;repeat&#8221;][et_pb_column type=&#8221;1_2&#8243; _builder_version=&#8221;3.25&#8243; custom_padding=&#8221;|||&#8221; custom_padding__hover=&#8221;|||&#8221;][et_pb_text admin_label=&#8221;Text&#8221; _builder_version=&#8221;3.27.4&#8243; background_size=&#8221;initial&#8221; background_position=&#8221;top_left&#8221; background_repeat=&#8221;repeat&#8221; use_border_color=&#8221;off&#8221; border_color=&#8221;#ffffff&#8221; border_style=&#8221;solid&#8221;] \u00cdrj nek\u00fcnk [\/et_pb_text][et_pb_contact_form email=&#8221;hello@smashertraining.com&#8221; submit_button_text=&#8221;Elk\u00fcld&#8221; admin_label=&#8221;Contact Form&#8221; _builder_version=&#8221;4.0.11&#8243; border_radii=&#8221;on|0px|0px|0px|0px&#8221; use_border_color=&#8221;off&#8221; border_color=&#8221;#ffffff&#8221; border_style=&#8221;solid&#8221; input_border_radius=&#8221;0&#8243; button_letter_spacing_hover=&#8221;0&#8243;][et_pb_contact_field field_id=&#8221;Name&#8221; field_title=&#8221;N\u00e9v&#8221; fullwidth_field=&#8221;on&#8221; _builder_version=&#8221;4.0.11&#8243; form_field_font=&#8221;||||&#8221; use_border_color=&#8221;off&#8221; border_style=&#8221;solid&#8221; button_text_size__hover_enabled=&#8221;off&#8221; button_one_text_size__hover_enabled=&#8221;off&#8221; button_two_text_size__hover_enabled=&#8221;off&#8221; button_text_color__hover_enabled=&#8221;off&#8221; button_one_text_color__hover_enabled=&#8221;off&#8221; button_two_text_color__hover_enabled=&#8221;off&#8221; button_border_width__hover_enabled=&#8221;off&#8221; button_one_border_width__hover_enabled=&#8221;off&#8221; button_two_border_width__hover_enabled=&#8221;off&#8221; button_border_color__hover_enabled=&#8221;off&#8221; button_one_border_color__hover_enabled=&#8221;off&#8221; button_two_border_color__hover_enabled=&#8221;off&#8221; [&hellip;]<\/p>\n","protected":false},"author":1,"featured_media":0,"parent":0,"menu_order":0,"comment_status":"open","ping_status":"open","template":"","meta":{"_et_pb_use_builder":"on","_et_pb_old_content":"","jetpack_post_was_ever_published":false,"footnotes":""},"class_list":["post-190","page","type-page","status-publish","hentry"],"yoast_head":"<!-- This site is optimized with the Yoast SEO plugin v23.5 - https:\/\/yoast.com\/wordpress\/plugins\/seo\/ -->\n<title>Kapcsolat - Smasher Training Systems - Szem\u00e9lyi edz\u0151 Budapest<\/title>\n<meta name=\"description\" content=\"Sportol\u00f3k \u00e9s a fitness ir\u00e1ny\u00e1ba elk\u00f6telezettek sz\u00e1m\u00e1ra k\u00edn\u00e1lunk szem\u00e9lyi edz\u00e9sprogramokat, szem\u00e9lyi edz\u0151t, sport\u00e1g specifikus \u00e9s s\u00falycs\u00f6kkent\u0151 edz\u00e9seket. Tel.: +36 30 570 7599\" \/>\n<meta name=\"robots\" content=\"index, follow, max-snippet:-1, max-image-preview:large, max-video-preview:-1\" \/>\n<link rel=\"canonical\" href=\"https:\/\/smashertraining.com\/hu\/kapcsolat\/\" \/>\n<meta property=\"og:locale\" content=\"hu_HU\" \/>\n<meta property=\"og:type\" content=\"article\" \/>\n<meta property=\"og:title\" content=\"Kapcsolat - Smasher Training Systems - Szem\u00e9lyi edz\u0151 Budapest\" \/>\n<meta property=\"og:description\" content=\"Sportol\u00f3k \u00e9s a fitness ir\u00e1ny\u00e1ba elk\u00f6telezettek sz\u00e1m\u00e1ra k\u00edn\u00e1lunk szem\u00e9lyi edz\u00e9sprogramokat, szem\u00e9lyi edz\u0151t, sport\u00e1g specifikus \u00e9s s\u00falycs\u00f6kkent\u0151 edz\u00e9seket. Tel.: +36 30 570 7599\" \/>\n<meta property=\"og:url\" content=\"https:\/\/smashertraining.com\/hu\/kapcsolat\/\" \/>\n<meta property=\"og:site_name\" content=\"SMASHER TRAINING SYSTEMS\" \/>\n<meta property=\"article:modified_time\" content=\"2024-10-25T16:32:57+00:00\" \/>\n<meta name=\"twitter:label1\" content=\"Becs\u00fclt olvas\u00e1si id\u0151\" \/>\n\t<meta name=\"twitter:data1\" content=\"2 perc\" \/>\n<script type=\"application\/ld+json\" class=\"yoast-schema-graph\">{\"@context\":\"https:\/\/schema.org\",\"@graph\":[{\"@type\":\"WebPage\",\"@id\":\"https:\/\/smashertraining.com\/hu\/kapcsolat\/\",\"url\":\"https:\/\/smashertraining.com\/hu\/kapcsolat\/\",\"name\":\"Kapcsolat - Smasher Training Systems - Szem\u00e9lyi edz\u0151 Budapest\",\"isPartOf\":{\"@id\":\"https:\/\/smashertraining.com\/#website\"},\"datePublished\":\"2014-10-20T12:59:59+00:00\",\"dateModified\":\"2024-10-25T16:32:57+00:00\",\"description\":\"Sportol\u00f3k \u00e9s a fitness ir\u00e1ny\u00e1ba elk\u00f6telezettek sz\u00e1m\u00e1ra k\u00edn\u00e1lunk szem\u00e9lyi edz\u00e9sprogramokat, szem\u00e9lyi edz\u0151t, sport\u00e1g specifikus \u00e9s s\u00falycs\u00f6kkent\u0151 edz\u00e9seket. Tel.: +36 30 570 7599\",\"breadcrumb\":{\"@id\":\"https:\/\/smashertraining.com\/hu\/kapcsolat\/#breadcrumb\"},\"inLanguage\":\"hu\",\"potentialAction\":[{\"@type\":\"ReadAction\",\"target\":[\"https:\/\/smashertraining.com\/hu\/kapcsolat\/\"]}]},{\"@type\":\"BreadcrumbList\",\"@id\":\"https:\/\/smashertraining.com\/hu\/kapcsolat\/#breadcrumb\",\"itemListElement\":[{\"@type\":\"ListItem\",\"position\":1,\"name\":\"Home\",\"item\":\"https:\/\/smashertraining.com\/\"},{\"@type\":\"ListItem\",\"position\":2,\"name\":\"KAPCSOLAT\"}]},{\"@type\":\"WebSite\",\"@id\":\"https:\/\/smashertraining.com\/#website\",\"url\":\"https:\/\/smashertraining.com\/\",\"name\":\"SMASHER TRAINING SYSTEMS\",\"description\":\"Personal Trainer Budapest\",\"potentialAction\":[{\"@type\":\"SearchAction\",\"target\":{\"@type\":\"EntryPoint\",\"urlTemplate\":\"https:\/\/smashertraining.com\/?s={search_term_string}\"},\"query-input\":{\"@type\":\"PropertyValueSpecification\",\"valueRequired\":true,\"valueName\":\"search_term_string\"}}],\"inLanguage\":\"hu\"}]}<\/script>\n<!-- \/ Yoast SEO plugin. -->","yoast_head_json":{"title":"Kapcsolat - Smasher Training Systems - Szem\u00e9lyi edz\u0151 Budapest","description":"Sportol\u00f3k \u00e9s a fitness ir\u00e1ny\u00e1ba elk\u00f6telezettek sz\u00e1m\u00e1ra k\u00edn\u00e1lunk szem\u00e9lyi edz\u00e9sprogramokat, szem\u00e9lyi edz\u0151t, sport\u00e1g specifikus \u00e9s s\u00falycs\u00f6kkent\u0151 edz\u00e9seket. Tel.: +36 30 570 7599","robots":{"index":"index","follow":"follow","max-snippet":"max-snippet:-1","max-image-preview":"max-image-preview:large","max-video-preview":"max-video-preview:-1"},"canonical":"https:\/\/smashertraining.com\/hu\/kapcsolat\/","og_locale":"hu_HU","og_type":"article","og_title":"Kapcsolat - Smasher Training Systems - Szem\u00e9lyi edz\u0151 Budapest","og_description":"Sportol\u00f3k \u00e9s a fitness ir\u00e1ny\u00e1ba elk\u00f6telezettek sz\u00e1m\u00e1ra k\u00edn\u00e1lunk szem\u00e9lyi edz\u00e9sprogramokat, szem\u00e9lyi edz\u0151t, sport\u00e1g specifikus \u00e9s s\u00falycs\u00f6kkent\u0151 edz\u00e9seket. Tel.: +36 30 570 7599","og_url":"https:\/\/smashertraining.com\/hu\/kapcsolat\/","og_site_name":"SMASHER TRAINING SYSTEMS","article_modified_time":"2024-10-25T16:32:57+00:00","twitter_misc":{"Becs\u00fclt olvas\u00e1si id\u0151":"2 perc"},"schema":{"@context":"https:\/\/schema.org","@graph":[{"@type":"WebPage","@id":"https:\/\/smashertraining.com\/hu\/kapcsolat\/","url":"https:\/\/smashertraining.com\/hu\/kapcsolat\/","name":"Kapcsolat - Smasher Training Systems - Szem\u00e9lyi edz\u0151 Budapest","isPartOf":{"@id":"https:\/\/smashertraining.com\/#website"},"datePublished":"2014-10-20T12:59:59+00:00","dateModified":"2024-10-25T16:32:57+00:00","description":"Sportol\u00f3k \u00e9s a fitness ir\u00e1ny\u00e1ba elk\u00f6telezettek sz\u00e1m\u00e1ra k\u00edn\u00e1lunk szem\u00e9lyi edz\u00e9sprogramokat, szem\u00e9lyi edz\u0151t, sport\u00e1g specifikus \u00e9s s\u00falycs\u00f6kkent\u0151 edz\u00e9seket. Tel.: +36 30 570 7599","breadcrumb":{"@id":"https:\/\/smashertraining.com\/hu\/kapcsolat\/#breadcrumb"},"inLanguage":"hu","potentialAction":[{"@type":"ReadAction","target":["https:\/\/smashertraining.com\/hu\/kapcsolat\/"]}]},{"@type":"BreadcrumbList","@id":"https:\/\/smashertraining.com\/hu\/kapcsolat\/#breadcrumb","itemListElement":[{"@type":"ListItem","position":1,"name":"Home","item":"https:\/\/smashertraining.com\/"},{"@type":"ListItem","position":2,"name":"KAPCSOLAT"}]},{"@type":"WebSite","@id":"https:\/\/smashertraining.com\/#website","url":"https:\/\/smashertraining.com\/","name":"SMASHER TRAINING SYSTEMS","description":"Personal Trainer Budapest","potentialAction":[{"@type":"SearchAction","target":{"@type":"EntryPoint","urlTemplate":"https:\/\/smashertraining.com\/?s={search_term_string}"},"query-input":{"@type":"PropertyValueSpecification","valueRequired":true,"valueName":"search_term_string"}}],"inLanguage":"hu"}]}},"jetpack_sharing_enabled":true,"jetpack_shortlink":"https:\/\/wp.me\/Pa7t9V-34","_links":{"self":[{"href":"https:\/\/smashertraining.com\/hu\/wp-json\/wp\/v2\/pages\/190"}],"collection":[{"href":"https:\/\/smashertraining.com\/hu\/wp-json\/wp\/v2\/pages"}],"about":[{"href":"https:\/\/smashertraining.com\/hu\/wp-json\/wp\/v2\/types\/page"}],"author":[{"embeddable":true,"href":"https:\/\/smashertraining.com\/hu\/wp-json\/wp\/v2\/users\/1"}],"replies":[{"embeddable":true,"href":"https:\/\/smashertraining.com\/hu\/wp-json\/wp\/v2\/comments?post=190"}],"version-history":[{"count":40,"href":"https:\/\/smashertraining.com\/hu\/wp-json\/wp\/v2\/pages\/190\/revisions"}],"predecessor-version":[{"id":3272,"href":"https:\/\/smashertraining.com\/hu\/wp-json\/wp\/v2\/pages\/190\/revisions\/3272"}],"wp:attachment":[{"href":"https:\/\/smashertraining.com\/hu\/wp-json\/wp\/v2\/media?parent=190"}],"curies":[{"name":"wp","href":"https:\/\/api.w.org\/{rel}","templated":true}]}}