{"id":195,"date":"2014-10-20T13:15:50","date_gmt":"2014-10-20T13:15:50","guid":{"rendered":"http:\/\/smashertraining.com\/?page_id=195"},"modified":"2021-06-02T20:29:39","modified_gmt":"2021-06-02T20:29:39","slug":"kepgaleria","status":"publish","type":"page","link":"https:\/\/smashertraining.com\/hu\/kepgaleria\/","title":{"rendered":"EDZ\u0150TERM\u00dcNK"},"content":{"rendered":"<p>[et_pb_section fb_built=&#8221;1&#8243; _builder_version=&#8221;3.22&#8243; custom_padding=&#8221;0px|||||&#8221;][et_pb_row column_structure=&#8221;1_3,1_3,1_3&#8243; _builder_version=&#8221;4.0.11&#8243; locked=&#8221;off&#8221;][et_pb_column type=&#8221;1_3&#8243; _builder_version=&#8221;4.0.11&#8243;][et_pb_image src=&#8221;http:\/\/smashertraining.com\/wp-content\/uploads\/2020\/05\/5.png&#8221; _builder_version=&#8221;4.0.11&#8243;][\/et_pb_image][\/et_pb_column][et_pb_column type=&#8221;1_3&#8243; _builder_version=&#8221;4.0.11&#8243;][et_pb_image _builder_version=&#8221;4.0.11&#8243; hover_enabled=&#8221;0&#8243; src=&#8221;http:\/\/smashertraining.com\/wp-content\/uploads\/2021\/06\/smasher_training028-scaled.jpg&#8221;][\/et_pb_image][\/et_pb_column][et_pb_column type=&#8221;1_3&#8243; _builder_version=&#8221;4.0.11&#8243;][et_pb_image src=&#8221;http:\/\/smashertraining.com\/wp-content\/uploads\/2020\/05\/54.png&#8221; _builder_version=&#8221;4.0.11&#8243;][\/et_pb_image][\/et_pb_column][\/et_pb_row][et_pb_row column_structure=&#8221;1_3,1_3,1_3&#8243; _builder_version=&#8221;4.0.11&#8243;][et_pb_column type=&#8221;1_3&#8243; _builder_version=&#8221;4.0.11&#8243;][et_pb_image src=&#8221;http:\/\/smashertraining.com\/wp-content\/uploads\/2020\/05\/35.png&#8221; _builder_version=&#8221;4.0.11&#8243;][\/et_pb_image][\/et_pb_column][et_pb_column type=&#8221;1_3&#8243; _builder_version=&#8221;4.0.11&#8243;][et_pb_image src=&#8221;http:\/\/smashertraining.com\/wp-content\/uploads\/2020\/05\/10.png&#8221; _builder_version=&#8221;4.0.11&#8243;][\/et_pb_image][\/et_pb_column][et_pb_column type=&#8221;1_3&#8243; _builder_version=&#8221;4.0.11&#8243;][et_pb_image src=&#8221;http:\/\/smashertraining.com\/wp-content\/uploads\/2020\/01\/36865672_2554335291458542_3398783143753285632_o.jpg&#8221; _builder_version=&#8221;4.0.11&#8243;][\/et_pb_image][\/et_pb_column][\/et_pb_row][et_pb_row column_structure=&#8221;1_3,1_3,1_3&#8243; _builder_version=&#8221;4.0.11&#8243;][et_pb_column type=&#8221;1_3&#8243; _builder_version=&#8221;4.0.11&#8243;][et_pb_image src=&#8221;http:\/\/smashertraining.com\/wp-content\/uploads\/2020\/05\/41.png&#8221; _builder_version=&#8221;4.0.11&#8243;][\/et_pb_image][\/et_pb_column][et_pb_column type=&#8221;1_3&#8243; _builder_version=&#8221;4.0.11&#8243;][et_pb_image src=&#8221;http:\/\/smashertraining.com\/wp-content\/uploads\/2020\/05\/52.png&#8221; _builder_version=&#8221;4.0.11&#8243;][\/et_pb_image][\/et_pb_column][et_pb_column type=&#8221;1_3&#8243; _builder_version=&#8221;4.0.11&#8243;][et_pb_image src=&#8221;http:\/\/smashertraining.com\/wp-content\/uploads\/2020\/05\/20.png&#8221; _builder_version=&#8221;4.0.11&#8243;][\/et_pb_image][\/et_pb_column][\/et_pb_row][et_pb_row column_structure=&#8221;1_3,1_3,1_3&#8243; _builder_version=&#8221;4.0.11&#8243;][et_pb_column type=&#8221;1_3&#8243; _builder_version=&#8221;4.0.11&#8243;][et_pb_image src=&#8221;http:\/\/smashertraining.com\/wp-content\/uploads\/2020\/05\/24.png&#8221; _builder_version=&#8221;4.0.11&#8243;][\/et_pb_image][\/et_pb_column][et_pb_column type=&#8221;1_3&#8243; _builder_version=&#8221;4.0.11&#8243;][et_pb_image src=&#8221;http:\/\/smashertraining.com\/wp-content\/uploads\/2020\/05\/62.png&#8221; _builder_version=&#8221;4.0.11&#8243;][\/et_pb_image][\/et_pb_column][et_pb_column type=&#8221;1_3&#8243; _builder_version=&#8221;4.0.11&#8243;][et_pb_image src=&#8221;http:\/\/smashertraining.com\/wp-content\/uploads\/2020\/05\/14.png&#8221; _builder_version=&#8221;4.0.11&#8243;][\/et_pb_image][\/et_pb_column][\/et_pb_row][et_pb_row column_structure=&#8221;1_3,1_3,1_3&#8243; _builder_version=&#8221;4.0.11&#8243;][et_pb_column type=&#8221;1_3&#8243; _builder_version=&#8221;4.0.11&#8243;][et_pb_image src=&#8221;http:\/\/smashertraining.com\/wp-content\/uploads\/2020\/05\/45.png&#8221; _builder_version=&#8221;4.0.11&#8243;][\/et_pb_image][\/et_pb_column][et_pb_column type=&#8221;1_3&#8243; _builder_version=&#8221;4.0.11&#8243;][et_pb_image src=&#8221;http:\/\/smashertraining.com\/wp-content\/uploads\/2020\/05\/15.png&#8221; _builder_version=&#8221;4.0.11&#8243;][\/et_pb_image][\/et_pb_column][et_pb_column type=&#8221;1_3&#8243; _builder_version=&#8221;4.0.11&#8243;][et_pb_image src=&#8221;http:\/\/smashertraining.com\/wp-content\/uploads\/2020\/05\/4.png&#8221; _builder_version=&#8221;4.0.11&#8243;][\/et_pb_image][\/et_pb_column][\/et_pb_row][\/et_pb_section]<\/p>\n","protected":false},"excerpt":{"rendered":"<p>[et_pb_section fb_built=&#8221;1&#8243; _builder_version=&#8221;3.22&#8243; custom_padding=&#8221;0px|||||&#8221;][et_pb_row column_structure=&#8221;1_3,1_3,1_3&#8243; _builder_version=&#8221;4.0.11&#8243; locked=&#8221;off&#8221;][et_pb_column type=&#8221;1_3&#8243; _builder_version=&#8221;4.0.11&#8243;][et_pb_image src=&#8221;http:\/\/smashertraining.com\/wp-content\/uploads\/2020\/05\/5.png&#8221; _builder_version=&#8221;4.0.11&#8243;][\/et_pb_image][\/et_pb_column][et_pb_column type=&#8221;1_3&#8243; _builder_version=&#8221;4.0.11&#8243;][et_pb_image _builder_version=&#8221;4.0.11&#8243; hover_enabled=&#8221;0&#8243; src=&#8221;http:\/\/smashertraining.com\/wp-content\/uploads\/2021\/06\/smasher_training028-scaled.jpg&#8221;][\/et_pb_image][\/et_pb_column][et_pb_column type=&#8221;1_3&#8243; _builder_version=&#8221;4.0.11&#8243;][et_pb_image src=&#8221;http:\/\/smashertraining.com\/wp-content\/uploads\/2020\/05\/54.png&#8221; _builder_version=&#8221;4.0.11&#8243;][\/et_pb_image][\/et_pb_column][\/et_pb_row][et_pb_row column_structure=&#8221;1_3,1_3,1_3&#8243; _builder_version=&#8221;4.0.11&#8243;][et_pb_column type=&#8221;1_3&#8243; _builder_version=&#8221;4.0.11&#8243;][et_pb_image src=&#8221;http:\/\/smashertraining.com\/wp-content\/uploads\/2020\/05\/35.png&#8221; _builder_version=&#8221;4.0.11&#8243;][\/et_pb_image][\/et_pb_column][et_pb_column type=&#8221;1_3&#8243; _builder_version=&#8221;4.0.11&#8243;][et_pb_image src=&#8221;http:\/\/smashertraining.com\/wp-content\/uploads\/2020\/05\/10.png&#8221; _builder_version=&#8221;4.0.11&#8243;][\/et_pb_image][\/et_pb_column][et_pb_column type=&#8221;1_3&#8243; _builder_version=&#8221;4.0.11&#8243;][et_pb_image src=&#8221;http:\/\/smashertraining.com\/wp-content\/uploads\/2020\/01\/36865672_2554335291458542_3398783143753285632_o.jpg&#8221; _builder_version=&#8221;4.0.11&#8243;][\/et_pb_image][\/et_pb_column][\/et_pb_row][et_pb_row column_structure=&#8221;1_3,1_3,1_3&#8243; _builder_version=&#8221;4.0.11&#8243;][et_pb_column type=&#8221;1_3&#8243; _builder_version=&#8221;4.0.11&#8243;][et_pb_image src=&#8221;http:\/\/smashertraining.com\/wp-content\/uploads\/2020\/05\/41.png&#8221; _builder_version=&#8221;4.0.11&#8243;][\/et_pb_image][\/et_pb_column][et_pb_column type=&#8221;1_3&#8243; _builder_version=&#8221;4.0.11&#8243;][et_pb_image src=&#8221;http:\/\/smashertraining.com\/wp-content\/uploads\/2020\/05\/52.png&#8221; _builder_version=&#8221;4.0.11&#8243;][\/et_pb_image][\/et_pb_column][et_pb_column type=&#8221;1_3&#8243; _builder_version=&#8221;4.0.11&#8243;][et_pb_image src=&#8221;http:\/\/smashertraining.com\/wp-content\/uploads\/2020\/05\/20.png&#8221; _builder_version=&#8221;4.0.11&#8243;][\/et_pb_image][\/et_pb_column][\/et_pb_row][et_pb_row column_structure=&#8221;1_3,1_3,1_3&#8243; _builder_version=&#8221;4.0.11&#8243;][et_pb_column type=&#8221;1_3&#8243; _builder_version=&#8221;4.0.11&#8243;][et_pb_image src=&#8221;http:\/\/smashertraining.com\/wp-content\/uploads\/2020\/05\/24.png&#8221; _builder_version=&#8221;4.0.11&#8243;][\/et_pb_image][\/et_pb_column][et_pb_column type=&#8221;1_3&#8243; [&hellip;]<\/p>\n","protected":false},"author":1,"featured_media":0,"parent":0,"menu_order":0,"comment_status":"open","ping_status":"open","template":"","meta":{"_et_pb_use_builder":"on","_et_pb_old_content":"","jetpack_post_was_ever_published":false,"footnotes":""},"class_list":["post-195","page","type-page","status-publish","hentry"],"yoast_head":"<!-- This site is optimized with the Yoast SEO plugin v23.5 - https:\/\/yoast.com\/wordpress\/plugins\/seo\/ -->\n<title>K\u00e9pgal\u00e9ria - Smasher Training Systems - Szem\u00e9lyi edz\u0151 Budapest<\/title>\n<meta name=\"description\" content=\"N\u00e9zz k\u00f6r\u00fcl a Smasher Training System vadonat\u00faj edz\u0151term\u00e9ben, a legmodernebb felszerel\u00e9ssel v\u00e1rjuk a sportolni v\u00e1gy\u00f3kat!\" \/>\n<meta name=\"robots\" content=\"index, follow, max-snippet:-1, max-image-preview:large, max-video-preview:-1\" \/>\n<link rel=\"canonical\" href=\"https:\/\/smashertraining.com\/facilities\/\" \/>\n<meta property=\"og:locale\" content=\"hu_HU\" \/>\n<meta property=\"og:type\" content=\"article\" \/>\n<meta property=\"og:title\" content=\"K\u00e9pgal\u00e9ria - Smasher Training Systems - Szem\u00e9lyi edz\u0151 Budapest\" \/>\n<meta property=\"og:description\" content=\"N\u00e9zz k\u00f6r\u00fcl a Smasher Training System vadonat\u00faj edz\u0151term\u00e9ben, a legmodernebb felszerel\u00e9ssel v\u00e1rjuk a sportolni v\u00e1gy\u00f3kat!\" \/>\n<meta property=\"og:url\" content=\"https:\/\/smashertraining.com\/facilities\/\" \/>\n<meta property=\"og:site_name\" content=\"SMASHER TRAINING SYSTEMS\" \/>\n<meta property=\"article:modified_time\" content=\"2021-06-02T20:29:39+00:00\" \/>\n<meta name=\"twitter:label1\" content=\"Becs\u00fclt olvas\u00e1si id\u0151\" \/>\n\t<meta name=\"twitter:data1\" content=\"2 perc\" \/>\n<script type=\"application\/ld+json\" class=\"yoast-schema-graph\">{\"@context\":\"https:\/\/schema.org\",\"@graph\":[{\"@type\":\"WebPage\",\"@id\":\"https:\/\/smashertraining.com\/facilities\/\",\"url\":\"https:\/\/smashertraining.com\/facilities\/\",\"name\":\"K\u00e9pgal\u00e9ria - Smasher Training Systems - Szem\u00e9lyi edz\u0151 Budapest\",\"isPartOf\":{\"@id\":\"https:\/\/smashertraining.com\/#website\"},\"datePublished\":\"2014-10-20T13:15:50+00:00\",\"dateModified\":\"2021-06-02T20:29:39+00:00\",\"description\":\"N\u00e9zz k\u00f6r\u00fcl a Smasher Training System vadonat\u00faj edz\u0151term\u00e9ben, a legmodernebb felszerel\u00e9ssel v\u00e1rjuk a sportolni v\u00e1gy\u00f3kat!\",\"breadcrumb\":{\"@id\":\"https:\/\/smashertraining.com\/facilities\/#breadcrumb\"},\"inLanguage\":\"hu\",\"potentialAction\":[{\"@type\":\"ReadAction\",\"target\":[\"https:\/\/smashertraining.com\/facilities\/\"]}]},{\"@type\":\"BreadcrumbList\",\"@id\":\"https:\/\/smashertraining.com\/facilities\/#breadcrumb\",\"itemListElement\":[{\"@type\":\"ListItem\",\"position\":1,\"name\":\"Home\",\"item\":\"https:\/\/smashertraining.com\/\"},{\"@type\":\"ListItem\",\"position\":2,\"name\":\"EDZ\u0150TERM\u00dcNK\"}]},{\"@type\":\"WebSite\",\"@id\":\"https:\/\/smashertraining.com\/#website\",\"url\":\"https:\/\/smashertraining.com\/\",\"name\":\"SMASHER TRAINING SYSTEMS\",\"description\":\"Personal Trainer Budapest\",\"potentialAction\":[{\"@type\":\"SearchAction\",\"target\":{\"@type\":\"EntryPoint\",\"urlTemplate\":\"https:\/\/smashertraining.com\/?s={search_term_string}\"},\"query-input\":{\"@type\":\"PropertyValueSpecification\",\"valueRequired\":true,\"valueName\":\"search_term_string\"}}],\"inLanguage\":\"hu\"}]}<\/script>\n<!-- \/ Yoast SEO plugin. -->","yoast_head_json":{"title":"K\u00e9pgal\u00e9ria - Smasher Training Systems - Szem\u00e9lyi edz\u0151 Budapest","description":"N\u00e9zz k\u00f6r\u00fcl a Smasher Training System vadonat\u00faj edz\u0151term\u00e9ben, a legmodernebb felszerel\u00e9ssel v\u00e1rjuk a sportolni v\u00e1gy\u00f3kat!","robots":{"index":"index","follow":"follow","max-snippet":"max-snippet:-1","max-image-preview":"max-image-preview:large","max-video-preview":"max-video-preview:-1"},"canonical":"https:\/\/smashertraining.com\/facilities\/","og_locale":"hu_HU","og_type":"article","og_title":"K\u00e9pgal\u00e9ria - Smasher Training Systems - Szem\u00e9lyi edz\u0151 Budapest","og_description":"N\u00e9zz k\u00f6r\u00fcl a Smasher Training System vadonat\u00faj edz\u0151term\u00e9ben, a legmodernebb felszerel\u00e9ssel v\u00e1rjuk a sportolni v\u00e1gy\u00f3kat!","og_url":"https:\/\/smashertraining.com\/facilities\/","og_site_name":"SMASHER TRAINING SYSTEMS","article_modified_time":"2021-06-02T20:29:39+00:00","twitter_misc":{"Becs\u00fclt olvas\u00e1si id\u0151":"2 perc"},"schema":{"@context":"https:\/\/schema.org","@graph":[{"@type":"WebPage","@id":"https:\/\/smashertraining.com\/facilities\/","url":"https:\/\/smashertraining.com\/facilities\/","name":"K\u00e9pgal\u00e9ria - Smasher Training Systems - Szem\u00e9lyi edz\u0151 Budapest","isPartOf":{"@id":"https:\/\/smashertraining.com\/#website"},"datePublished":"2014-10-20T13:15:50+00:00","dateModified":"2021-06-02T20:29:39+00:00","description":"N\u00e9zz k\u00f6r\u00fcl a Smasher Training System vadonat\u00faj edz\u0151term\u00e9ben, a legmodernebb felszerel\u00e9ssel v\u00e1rjuk a sportolni v\u00e1gy\u00f3kat!","breadcrumb":{"@id":"https:\/\/smashertraining.com\/facilities\/#breadcrumb"},"inLanguage":"hu","potentialAction":[{"@type":"ReadAction","target":["https:\/\/smashertraining.com\/facilities\/"]}]},{"@type":"BreadcrumbList","@id":"https:\/\/smashertraining.com\/facilities\/#breadcrumb","itemListElement":[{"@type":"ListItem","position":1,"name":"Home","item":"https:\/\/smashertraining.com\/"},{"@type":"ListItem","position":2,"name":"EDZ\u0150TERM\u00dcNK"}]},{"@type":"WebSite","@id":"https:\/\/smashertraining.com\/#website","url":"https:\/\/smashertraining.com\/","name":"SMASHER TRAINING SYSTEMS","description":"Personal Trainer Budapest","potentialAction":[{"@type":"SearchAction","target":{"@type":"EntryPoint","urlTemplate":"https:\/\/smashertraining.com\/?s={search_term_string}"},"query-input":{"@type":"PropertyValueSpecification","valueRequired":true,"valueName":"search_term_string"}}],"inLanguage":"hu"}]}},"jetpack_sharing_enabled":true,"jetpack_shortlink":"https:\/\/wp.me\/Pa7t9V-39","_links":{"self":[{"href":"https:\/\/smashertraining.com\/hu\/wp-json\/wp\/v2\/pages\/195"}],"collection":[{"href":"https:\/\/smashertraining.com\/hu\/wp-json\/wp\/v2\/pages"}],"about":[{"href":"https:\/\/smashertraining.com\/hu\/wp-json\/wp\/v2\/types\/page"}],"author":[{"embeddable":true,"href":"https:\/\/smashertraining.com\/hu\/wp-json\/wp\/v2\/users\/1"}],"replies":[{"embeddable":true,"href":"https:\/\/smashertraining.com\/hu\/wp-json\/wp\/v2\/comments?post=195"}],"version-history":[{"count":17,"href":"https:\/\/smashertraining.com\/hu\/wp-json\/wp\/v2\/pages\/195\/revisions"}],"predecessor-version":[{"id":2422,"href":"https:\/\/smashertraining.com\/hu\/wp-json\/wp\/v2\/pages\/195\/revisions\/2422"}],"wp:attachment":[{"href":"https:\/\/smashertraining.com\/hu\/wp-json\/wp\/v2\/media?parent=195"}],"curies":[{"name":"wp","href":"https:\/\/api.w.org\/{rel}","templated":true}]}}