{"id":2073,"date":"2020-01-27T18:35:23","date_gmt":"2020-01-27T18:35:23","guid":{"rendered":"http:\/\/smashertraining.com\/?page_id=2073"},"modified":"2021-06-02T21:22:22","modified_gmt":"2021-06-02T21:22:22","slug":"edzoterem","status":"publish","type":"page","link":"https:\/\/smashertraining.com\/hu\/edzoterem\/","title":{"rendered":"EDZ\u0150TEREM HASZN\u00c1LAT"},"content":{"rendered":"<p>[et_pb_section fb_built=&#8221;1&#8243; fullwidth=&#8221;on&#8221; _builder_version=&#8221;3.22&#8243; background_color=&#8221;#007ae1&#8243; transparent_background=&#8221;off&#8221;][et_pb_fullwidth_header title=&#8221;EDZ\u0150TEREM HASZN\u00c1LAT&#8221; content_max_width=&#8221;none&#8221; admin_label=&#8221;Fullwidth Header&#8221; _builder_version=&#8221;3.16&#8243; background_color=&#8221;rgba(255, 255, 255, 0)&#8221; custom_padding=&#8221;26px||27px|||&#8221; button_one_text_size__hover_enabled=&#8221;off&#8221; button_two_text_size__hover_enabled=&#8221;off&#8221; button_one_text_color__hover_enabled=&#8221;off&#8221; button_two_text_color__hover_enabled=&#8221;off&#8221; button_one_border_width__hover_enabled=&#8221;off&#8221; button_two_border_width__hover_enabled=&#8221;off&#8221; button_one_border_color__hover_enabled=&#8221;off&#8221; button_two_border_color__hover_enabled=&#8221;off&#8221; button_one_border_radius__hover_enabled=&#8221;off&#8221; button_two_border_radius__hover_enabled=&#8221;off&#8221; button_one_letter_spacing__hover_enabled=&#8221;off&#8221; button_two_letter_spacing__hover_enabled=&#8221;off&#8221; button_one_bg_color__hover_enabled=&#8221;off&#8221; button_two_bg_color__hover_enabled=&#8221;off&#8221;][\/et_pb_fullwidth_header][\/et_pb_section][et_pb_section fb_built=&#8221;1&#8243; _builder_version=&#8221;3.22&#8243; custom_padding=&#8221;5px|||||&#8221;][et_pb_row _builder_version=&#8221;3.25&#8243; background_size=&#8221;initial&#8221; background_position=&#8221;top_left&#8221; background_repeat=&#8221;repeat&#8221; custom_margin=&#8221;|126px||auto||&#8221;][et_pb_column type=&#8221;4_4&#8243; _builder_version=&#8221;3.25&#8243; custom_padding=&#8221;|||&#8221; custom_padding__hover=&#8221;|||&#8221;][et_pb_text admin_label=&#8221;Text&#8221; _builder_version=&#8221;4.0.11&#8243; background_size=&#8221;initial&#8221; background_position=&#8221;top_left&#8221; background_repeat=&#8221;repeat&#8221;]<\/p>\n<p>SMASHER EDZ\u0150TERMI HASZN\u00c1LAT tapasztalt \u00e9s kezd\u0151bb sportemberek sz\u00e1m\u00e1ra is nyitott. Amennyiben\u00a0<span style=\"font-size: 16px;\">motiv\u00e1lt vagy \u00e9s szeretn\u00e9l egy igaz\u00e1n inspir\u00e1l\u00f3 k\u00f6zegben, egy szem\u00e9lyre szabott edz\u00e9stervet magad k\u00f6vetni k\u00f6lts\u00e9g hat\u00e9konyan, \u00fagy ezt az opci\u00f3t Neked tal\u00e1ltuk ki! Szem\u00e9lyre szabott edz\u00e9stervet k\u00e9sz\u00edt\u00fcnk c\u00e9ljaid szerint, edz\u0151term\u00fcnkben pedig lelkes\u00edt\u0151 sportol\u00f3k \u00e9s edz\u0151k k\u00f6z\u00f6tt k\u00f6vetheted azt, hogy fejl\u0151d\u00e9sed \u00e9s motiv\u00e1ci\u00f3d folyamatos legyen.\u00a0<\/span><\/p>\n<p>Amit kapsz:<\/p>\n<p>&#8211; Szem\u00e9lyre szabott edz\u00e9stervet c\u00e9ljaid szerint<\/p>\n<p>&#8211; Gyors hozz\u00e1f\u00e9r\u00e9st edz\u0151inkhez, ha elakadt\u00e1l<\/p>\n<p>&#8211; Hozz\u00e1f\u00e9r\u00e9st igaz\u00e1n min\u0151s\u00e9gi eszk\u00f6z\u00f6kh\u00f6z\u00a0<\/p>\n<p>&#8211; Pozit\u00edv edz\u0151 k\u00f6zeget\u00a0<\/p>\n<p><span style=\"font-size: 16px;\">Term\u00fcnkben saj\u00e1t temp\u00f3dban edzhetsz egy nagyszer\u0171 k\u00f6zegben. <strong>SMASHER-ben az alapszab\u00e1lyunk a s\u00e9r\u00fcl\u00e9sek mindennem\u0171 elker\u00fcl\u00e9se.<\/strong>\u00a0<strong>K\u00e9rj\u00fck, vedd figyelembe, hogy edz\u0151term\u00fcnket kiz\u00e1r\u00f3lag az \u00e1ltalunk elk\u00e9sz\u00edtett edz\u00e9sterv k\u00f6vet\u00e9s\u00e9re haszn\u00e1lhatod a min\u0151s\u00e9g biztos\u00edt\u00e1sa \u00e9rdek\u00e9ben, amelynek \u00e1r\u00e1t az &#8222;open gym&#8221; bel\u00e9p\u0151 tartalmazza.\u00a0<\/strong>K\u00e9rj\u00fck ne vedd zokon, ha edz\u0151ink meg\u00e1ll\u00edtanak vagy kijav\u00edtanak edz\u00e9sed k\u00f6zben, ha \u00e9pp olyan mozdulatot v\u00e9gzel, amely hossz\u00fa vagy r\u00f6vid t\u00e1von s\u00e9r\u00fcl\u00e9st okozhat. Toppon l\u00e9v\u0151 profi sportol\u00f3k is hozz\u00e1nk fordulnak tan\u00e1cs\u00e9rt vagy \u00e9pp egy mozdulat jav\u00edt\u00e1s\u00e1\u00e9rt. Mindenkinek sz\u00fcks\u00e9ge van tan\u00edt\u00e1sra \u00e9s fejl\u0151dhet, f\u00fcggetlen\u00fcl az el\u0151k\u00e9pzetts\u00e9g\u00e9t\u0151l, tapasztalat\u00e1t\u00f3l.\u00a0<\/span><\/p>\n<p><b>EL\u00c9RHET\u0150S\u00c9G<\/b><\/p>\n<p>Sz\u00e1munkra a min\u0151s\u00e9gi edz\u00e9s a legfontosabb. Kulcsfontoss\u00e1g\u00fanak tartjuk, hogy minden sportol\u00f3nknak legyen el\u00e9g helye az edz\u00e9shez \u00e9s eszk\u00f6ze, ne kelljen a hagyom\u00e1nyos edz\u0151termekben tapasztalhat\u00f3an v\u00e1rnia. Emiatt rendszer\u00fcnkben el\u0151re be kell jelentkezned id\u0151pontra. Ez abban is seg\u00edt, hogy biztosan ne hagyd ki az edz\u00e9seket!<\/p>\n<p><a class=\"et_pb_more_button\" title=\"Smasher Training System booking\" href=\"http:\/\/smashertraining.com\/hu\/kapcsolat\" target=\"_blank\" rel=\"noopener noreferrer\">\u00cdrj nek\u00fcnk, mikor szeretn\u00e9l j\u00f6nni!\u00a0<\/a><\/p>\n<p>[\/et_pb_text][\/et_pb_column][\/et_pb_row][et_pb_row column_structure=&#8221;1_2,1_2&#8243; _builder_version=&#8221;4.0.11&#8243;][et_pb_column type=&#8221;1_2&#8243; _builder_version=&#8221;4.0.11&#8243;][et_pb_image src=&#8221;http:\/\/smashertraining.com\/wp-content\/uploads\/2020\/05\/10.png&#8221; _builder_version=&#8221;4.0.11&#8243;][\/et_pb_image][\/et_pb_column][et_pb_column type=&#8221;1_2&#8243; _builder_version=&#8221;4.0.11&#8243;][et_pb_image src=&#8221;http:\/\/smashertraining.com\/wp-content\/uploads\/2020\/05\/52.png&#8221; _builder_version=&#8221;4.0.11&#8243;][\/et_pb_image][\/et_pb_column][\/et_pb_row][et_pb_row _builder_version=&#8221;4.0.11&#8243;][et_pb_column type=&#8221;4_4&#8243; _builder_version=&#8221;4.0.11&#8243;][et_pb_image src=&#8221;http:\/\/smashertraining.com\/wp-content\/uploads\/2020\/01\/REVIEW3.png&#8221; _builder_version=&#8221;4.0.11&#8243;][\/et_pb_image][\/et_pb_column][\/et_pb_row][\/et_pb_section]<\/p>\n","protected":false},"excerpt":{"rendered":"<p>[et_pb_section fb_built=&#8221;1&#8243; fullwidth=&#8221;on&#8221; _builder_version=&#8221;3.22&#8243; background_color=&#8221;#007ae1&#8243; transparent_background=&#8221;off&#8221;][et_pb_fullwidth_header title=&#8221;EDZ\u0150TEREM HASZN\u00c1LAT&#8221; content_max_width=&#8221;none&#8221; admin_label=&#8221;Fullwidth Header&#8221; _builder_version=&#8221;3.16&#8243; background_color=&#8221;rgba(255, 255, 255, 0)&#8221; custom_padding=&#8221;26px||27px|||&#8221; button_one_text_size__hover_enabled=&#8221;off&#8221; button_two_text_size__hover_enabled=&#8221;off&#8221; button_one_text_color__hover_enabled=&#8221;off&#8221; button_two_text_color__hover_enabled=&#8221;off&#8221; button_one_border_width__hover_enabled=&#8221;off&#8221; button_two_border_width__hover_enabled=&#8221;off&#8221; button_one_border_color__hover_enabled=&#8221;off&#8221; button_two_border_color__hover_enabled=&#8221;off&#8221; button_one_border_radius__hover_enabled=&#8221;off&#8221; button_two_border_radius__hover_enabled=&#8221;off&#8221; button_one_letter_spacing__hover_enabled=&#8221;off&#8221; button_two_letter_spacing__hover_enabled=&#8221;off&#8221; button_one_bg_color__hover_enabled=&#8221;off&#8221; button_two_bg_color__hover_enabled=&#8221;off&#8221;][\/et_pb_fullwidth_header][\/et_pb_section][et_pb_section fb_built=&#8221;1&#8243; _builder_version=&#8221;3.22&#8243; custom_padding=&#8221;5px|||||&#8221;][et_pb_row _builder_version=&#8221;3.25&#8243; background_size=&#8221;initial&#8221; background_position=&#8221;top_left&#8221; background_repeat=&#8221;repeat&#8221; custom_margin=&#8221;|126px||auto||&#8221;][et_pb_column type=&#8221;4_4&#8243; _builder_version=&#8221;3.25&#8243; custom_padding=&#8221;|||&#8221; custom_padding__hover=&#8221;|||&#8221;][et_pb_text admin_label=&#8221;Text&#8221; _builder_version=&#8221;4.0.11&#8243; background_size=&#8221;initial&#8221; background_position=&#8221;top_left&#8221; background_repeat=&#8221;repeat&#8221;] SMASHER EDZ\u0150TERMI HASZN\u00c1LAT tapasztalt \u00e9s kezd\u0151bb sportemberek [&hellip;]<\/p>\n","protected":false},"author":1,"featured_media":0,"parent":0,"menu_order":0,"comment_status":"closed","ping_status":"closed","template":"","meta":{"_et_pb_use_builder":"on","_et_pb_old_content":"","jetpack_post_was_ever_published":false,"footnotes":""},"class_list":["post-2073","page","type-page","status-publish","hentry"],"yoast_head":"<!-- This site is optimized with the Yoast SEO plugin v23.5 - https:\/\/yoast.com\/wordpress\/plugins\/seo\/ -->\n<title>EDZ\u0150TEREM HASZN\u00c1LAT - SMASHER TRAINING SYSTEMS<\/title>\n<meta name=\"robots\" content=\"index, follow, max-snippet:-1, max-image-preview:large, max-video-preview:-1\" \/>\n<link rel=\"canonical\" href=\"https:\/\/smashertraining.com\/open-gym\/\" \/>\n<meta property=\"og:locale\" content=\"hu_HU\" \/>\n<meta property=\"og:type\" content=\"article\" \/>\n<meta property=\"og:title\" content=\"EDZ\u0150TEREM HASZN\u00c1LAT - SMASHER TRAINING SYSTEMS\" \/>\n<meta property=\"og:description\" content=\"[et_pb_section fb_built=&#8221;1&#8243; fullwidth=&#8221;on&#8221; _builder_version=&#8221;3.22&#8243; background_color=&#8221;#007ae1&#8243; transparent_background=&#8221;off&#8221;][et_pb_fullwidth_header title=&#8221;EDZ\u0150TEREM HASZN\u00c1LAT&#8221; content_max_width=&#8221;none&#8221; admin_label=&#8221;Fullwidth Header&#8221; _builder_version=&#8221;3.16&#8243; background_color=&#8221;rgba(255, 255, 255, 0)&#8221; custom_padding=&#8221;26px||27px|||&#8221; button_one_text_size__hover_enabled=&#8221;off&#8221; button_two_text_size__hover_enabled=&#8221;off&#8221; button_one_text_color__hover_enabled=&#8221;off&#8221; button_two_text_color__hover_enabled=&#8221;off&#8221; button_one_border_width__hover_enabled=&#8221;off&#8221; button_two_border_width__hover_enabled=&#8221;off&#8221; button_one_border_color__hover_enabled=&#8221;off&#8221; button_two_border_color__hover_enabled=&#8221;off&#8221; button_one_border_radius__hover_enabled=&#8221;off&#8221; button_two_border_radius__hover_enabled=&#8221;off&#8221; button_one_letter_spacing__hover_enabled=&#8221;off&#8221; button_two_letter_spacing__hover_enabled=&#8221;off&#8221; button_one_bg_color__hover_enabled=&#8221;off&#8221; button_two_bg_color__hover_enabled=&#8221;off&#8221;][\/et_pb_fullwidth_header][\/et_pb_section][et_pb_section fb_built=&#8221;1&#8243; _builder_version=&#8221;3.22&#8243; custom_padding=&#8221;5px|||||&#8221;][et_pb_row _builder_version=&#8221;3.25&#8243; background_size=&#8221;initial&#8221; background_position=&#8221;top_left&#8221; background_repeat=&#8221;repeat&#8221; custom_margin=&#8221;|126px||auto||&#8221;][et_pb_column type=&#8221;4_4&#8243; _builder_version=&#8221;3.25&#8243; custom_padding=&#8221;|||&#8221; custom_padding__hover=&#8221;|||&#8221;][et_pb_text admin_label=&#8221;Text&#8221; _builder_version=&#8221;4.0.11&#8243; background_size=&#8221;initial&#8221; background_position=&#8221;top_left&#8221; background_repeat=&#8221;repeat&#8221;] SMASHER EDZ\u0150TERMI HASZN\u00c1LAT tapasztalt \u00e9s kezd\u0151bb sportemberek [&hellip;]\" \/>\n<meta property=\"og:url\" content=\"https:\/\/smashertraining.com\/open-gym\/\" \/>\n<meta property=\"og:site_name\" content=\"SMASHER TRAINING SYSTEMS\" \/>\n<meta property=\"article:modified_time\" content=\"2021-06-02T21:22:22+00:00\" \/>\n<meta name=\"twitter:label1\" content=\"Becs\u00fclt olvas\u00e1si id\u0151\" \/>\n\t<meta name=\"twitter:data1\" content=\"3 perc\" \/>\n<script type=\"application\/ld+json\" class=\"yoast-schema-graph\">{\"@context\":\"https:\/\/schema.org\",\"@graph\":[{\"@type\":\"WebPage\",\"@id\":\"https:\/\/smashertraining.com\/open-gym\/\",\"url\":\"https:\/\/smashertraining.com\/open-gym\/\",\"name\":\"EDZ\u0150TEREM HASZN\u00c1LAT - SMASHER TRAINING SYSTEMS\",\"isPartOf\":{\"@id\":\"https:\/\/smashertraining.com\/#website\"},\"datePublished\":\"2020-01-27T18:35:23+00:00\",\"dateModified\":\"2021-06-02T21:22:22+00:00\",\"breadcrumb\":{\"@id\":\"https:\/\/smashertraining.com\/open-gym\/#breadcrumb\"},\"inLanguage\":\"hu\",\"potentialAction\":[{\"@type\":\"ReadAction\",\"target\":[\"https:\/\/smashertraining.com\/open-gym\/\"]}]},{\"@type\":\"BreadcrumbList\",\"@id\":\"https:\/\/smashertraining.com\/open-gym\/#breadcrumb\",\"itemListElement\":[{\"@type\":\"ListItem\",\"position\":1,\"name\":\"Home\",\"item\":\"https:\/\/smashertraining.com\/\"},{\"@type\":\"ListItem\",\"position\":2,\"name\":\"EDZ\u0150TEREM HASZN\u00c1LAT\"}]},{\"@type\":\"WebSite\",\"@id\":\"https:\/\/smashertraining.com\/#website\",\"url\":\"https:\/\/smashertraining.com\/\",\"name\":\"SMASHER TRAINING SYSTEMS\",\"description\":\"Personal Trainer Budapest\",\"potentialAction\":[{\"@type\":\"SearchAction\",\"target\":{\"@type\":\"EntryPoint\",\"urlTemplate\":\"https:\/\/smashertraining.com\/?s={search_term_string}\"},\"query-input\":{\"@type\":\"PropertyValueSpecification\",\"valueRequired\":true,\"valueName\":\"search_term_string\"}}],\"inLanguage\":\"hu\"}]}<\/script>\n<!-- \/ Yoast SEO plugin. -->","yoast_head_json":{"title":"EDZ\u0150TEREM HASZN\u00c1LAT - SMASHER TRAINING SYSTEMS","robots":{"index":"index","follow":"follow","max-snippet":"max-snippet:-1","max-image-preview":"max-image-preview:large","max-video-preview":"max-video-preview:-1"},"canonical":"https:\/\/smashertraining.com\/open-gym\/","og_locale":"hu_HU","og_type":"article","og_title":"EDZ\u0150TEREM HASZN\u00c1LAT - SMASHER TRAINING SYSTEMS","og_description":"[et_pb_section fb_built=&#8221;1&#8243; fullwidth=&#8221;on&#8221; _builder_version=&#8221;3.22&#8243; background_color=&#8221;#007ae1&#8243; transparent_background=&#8221;off&#8221;][et_pb_fullwidth_header title=&#8221;EDZ\u0150TEREM HASZN\u00c1LAT&#8221; content_max_width=&#8221;none&#8221; admin_label=&#8221;Fullwidth Header&#8221; _builder_version=&#8221;3.16&#8243; background_color=&#8221;rgba(255, 255, 255, 0)&#8221; custom_padding=&#8221;26px||27px|||&#8221; button_one_text_size__hover_enabled=&#8221;off&#8221; button_two_text_size__hover_enabled=&#8221;off&#8221; button_one_text_color__hover_enabled=&#8221;off&#8221; button_two_text_color__hover_enabled=&#8221;off&#8221; button_one_border_width__hover_enabled=&#8221;off&#8221; button_two_border_width__hover_enabled=&#8221;off&#8221; button_one_border_color__hover_enabled=&#8221;off&#8221; button_two_border_color__hover_enabled=&#8221;off&#8221; button_one_border_radius__hover_enabled=&#8221;off&#8221; button_two_border_radius__hover_enabled=&#8221;off&#8221; button_one_letter_spacing__hover_enabled=&#8221;off&#8221; button_two_letter_spacing__hover_enabled=&#8221;off&#8221; button_one_bg_color__hover_enabled=&#8221;off&#8221; button_two_bg_color__hover_enabled=&#8221;off&#8221;][\/et_pb_fullwidth_header][\/et_pb_section][et_pb_section fb_built=&#8221;1&#8243; _builder_version=&#8221;3.22&#8243; custom_padding=&#8221;5px|||||&#8221;][et_pb_row _builder_version=&#8221;3.25&#8243; background_size=&#8221;initial&#8221; background_position=&#8221;top_left&#8221; background_repeat=&#8221;repeat&#8221; custom_margin=&#8221;|126px||auto||&#8221;][et_pb_column type=&#8221;4_4&#8243; _builder_version=&#8221;3.25&#8243; custom_padding=&#8221;|||&#8221; custom_padding__hover=&#8221;|||&#8221;][et_pb_text admin_label=&#8221;Text&#8221; _builder_version=&#8221;4.0.11&#8243; background_size=&#8221;initial&#8221; background_position=&#8221;top_left&#8221; background_repeat=&#8221;repeat&#8221;] SMASHER EDZ\u0150TERMI HASZN\u00c1LAT tapasztalt \u00e9s kezd\u0151bb sportemberek [&hellip;]","og_url":"https:\/\/smashertraining.com\/open-gym\/","og_site_name":"SMASHER TRAINING SYSTEMS","article_modified_time":"2021-06-02T21:22:22+00:00","twitter_misc":{"Becs\u00fclt olvas\u00e1si id\u0151":"3 perc"},"schema":{"@context":"https:\/\/schema.org","@graph":[{"@type":"WebPage","@id":"https:\/\/smashertraining.com\/open-gym\/","url":"https:\/\/smashertraining.com\/open-gym\/","name":"EDZ\u0150TEREM HASZN\u00c1LAT - SMASHER TRAINING SYSTEMS","isPartOf":{"@id":"https:\/\/smashertraining.com\/#website"},"datePublished":"2020-01-27T18:35:23+00:00","dateModified":"2021-06-02T21:22:22+00:00","breadcrumb":{"@id":"https:\/\/smashertraining.com\/open-gym\/#breadcrumb"},"inLanguage":"hu","potentialAction":[{"@type":"ReadAction","target":["https:\/\/smashertraining.com\/open-gym\/"]}]},{"@type":"BreadcrumbList","@id":"https:\/\/smashertraining.com\/open-gym\/#breadcrumb","itemListElement":[{"@type":"ListItem","position":1,"name":"Home","item":"https:\/\/smashertraining.com\/"},{"@type":"ListItem","position":2,"name":"EDZ\u0150TEREM HASZN\u00c1LAT"}]},{"@type":"WebSite","@id":"https:\/\/smashertraining.com\/#website","url":"https:\/\/smashertraining.com\/","name":"SMASHER TRAINING SYSTEMS","description":"Personal Trainer Budapest","potentialAction":[{"@type":"SearchAction","target":{"@type":"EntryPoint","urlTemplate":"https:\/\/smashertraining.com\/?s={search_term_string}"},"query-input":{"@type":"PropertyValueSpecification","valueRequired":true,"valueName":"search_term_string"}}],"inLanguage":"hu"}]}},"jetpack_sharing_enabled":true,"jetpack_shortlink":"https:\/\/wp.me\/Pa7t9V-xr","_links":{"self":[{"href":"https:\/\/smashertraining.com\/hu\/wp-json\/wp\/v2\/pages\/2073"}],"collection":[{"href":"https:\/\/smashertraining.com\/hu\/wp-json\/wp\/v2\/pages"}],"about":[{"href":"https:\/\/smashertraining.com\/hu\/wp-json\/wp\/v2\/types\/page"}],"author":[{"embeddable":true,"href":"https:\/\/smashertraining.com\/hu\/wp-json\/wp\/v2\/users\/1"}],"replies":[{"embeddable":true,"href":"https:\/\/smashertraining.com\/hu\/wp-json\/wp\/v2\/comments?post=2073"}],"version-history":[{"count":14,"href":"https:\/\/smashertraining.com\/hu\/wp-json\/wp\/v2\/pages\/2073\/revisions"}],"predecessor-version":[{"id":2441,"href":"https:\/\/smashertraining.com\/hu\/wp-json\/wp\/v2\/pages\/2073\/revisions\/2441"}],"wp:attachment":[{"href":"https:\/\/smashertraining.com\/hu\/wp-json\/wp\/v2\/media?parent=2073"}],"curies":[{"name":"wp","href":"https:\/\/api.w.org\/{rel}","templated":true}]}}