{"id":2312,"date":"2020-05-25T21:29:13","date_gmt":"2020-05-25T21:29:13","guid":{"rendered":"http:\/\/smashertraining.com\/?page_id=2312"},"modified":"2024-01-08T09:57:11","modified_gmt":"2024-01-08T09:57:11","slug":"online-edzesprogram","status":"publish","type":"page","link":"https:\/\/smashertraining.com\/hu\/online-edzesprogram\/","title":{"rendered":"ONLINE EDZ\u00c9SPROGRAM"},"content":{"rendered":"<p>[et_pb_section fb_built=&#8221;1&#8243; fullwidth=&#8221;on&#8221; admin_label=&#8221;section&#8221; _builder_version=&#8221;3.22&#8243; background_color=&#8221;#007ae1&#8243; transparent_background=&#8221;off&#8221;][et_pb_fullwidth_header title=&#8221;ONLINE EDZ\u00c9S  &#8211; vadi\u00faj applik\u00e1ci\u00f3nkon kereszt\u00fcl&#8221; content_max_width=&#8221;none&#8221; _builder_version=&#8221;3.16&#8243; background_color=&#8221;rgba(255, 255, 255, 0)&#8221; min_height=&#8221;126px&#8221; custom_padding=&#8221;34px||0px|||&#8221; button_one_text_size__hover_enabled=&#8221;off&#8221; button_two_text_size__hover_enabled=&#8221;off&#8221; button_one_text_color__hover_enabled=&#8221;off&#8221; button_two_text_color__hover_enabled=&#8221;off&#8221; button_one_border_width__hover_enabled=&#8221;off&#8221; button_two_border_width__hover_enabled=&#8221;off&#8221; button_one_border_color__hover_enabled=&#8221;off&#8221; button_two_border_color__hover_enabled=&#8221;off&#8221; button_one_border_radius__hover_enabled=&#8221;off&#8221; button_two_border_radius__hover_enabled=&#8221;off&#8221; button_one_letter_spacing__hover_enabled=&#8221;off&#8221; button_two_letter_spacing__hover_enabled=&#8221;off&#8221; button_one_bg_color__hover_enabled=&#8221;off&#8221; button_two_bg_color__hover_enabled=&#8221;off&#8221;]&nbsp;<br \/>\n[\/et_pb_fullwidth_header][\/et_pb_section][et_pb_section fb_built=&#8221;1&#8243; _builder_version=&#8221;3.22&#8243; custom_padding=&#8221;0px|||||&#8221; locked=&#8221;off&#8221;][et_pb_row _builder_version=&#8221;3.25&#8243; background_size=&#8221;initial&#8221; background_position=&#8221;top_left&#8221; background_repeat=&#8221;repeat&#8221; custom_margin=&#8221;30px|auto||auto||&#8221; custom_padding=&#8221;2px|||||&#8221;][et_pb_column type=&#8221;4_4&#8243; _builder_version=&#8221;3.25&#8243; custom_padding=&#8221;|||&#8221; custom_padding__hover=&#8221;|||&#8221;][et_pb_text _builder_version=&#8221;4.0.11&#8243;]<\/p>\n<div class=\"o9v6fnle cxmmr5t8 oygrvhab hcukyx3x c1et5uql ii04i59q\">\n<div dir=\"auto\"><span class=\"q9uorilb tbxw36s4 knj5qynh kvgmc6g5 ditlmg2l oygrvhab nvdbi5me fgm26odu gl3lb2sf hhz5lgdu\"><img loading=\"lazy\" decoding=\"async\" height=\"16\" src=\"https:\/\/static.xx.fbcdn.net\/images\/emoji.php\/v9\/tc0\/1\/16\/1f30e.png\" width=\"16\" alt=\"\ud83c\udf0e\" \/>\u00a0Szeretn\u00e9d k\u00f6vetni szem\u00e9lyre szabott er\u0151s\u00edt\u0151 \u00e9s kondicion\u00e1l\u00f3 edz\u00e9sprogramunkat a vil\u00e1g b\u00e1rmely t\u00e1j\u00e1r\u00f3l?\u00a0<\/span><span class=\"q9uorilb tbxw36s4 knj5qynh kvgmc6g5 ditlmg2l oygrvhab nvdbi5me fgm26odu gl3lb2sf hhz5lgdu\"><img loading=\"lazy\" decoding=\"async\" height=\"16\" src=\"https:\/\/static.xx.fbcdn.net\/images\/emoji.php\/v9\/tf1\/1\/16\/1f933.png\" width=\"16\" alt=\"\ud83e\udd33\" \/><\/span><span class=\"q9uorilb tbxw36s4 knj5qynh kvgmc6g5 ditlmg2l oygrvhab nvdbi5me fgm26odu gl3lb2sf hhz5lgdu\"><img loading=\"lazy\" decoding=\"async\" height=\"16\" src=\"https:\/\/static.xx.fbcdn.net\/images\/emoji.php\/v9\/t6c\/1\/16\/1f4aa.png\" width=\"16\" alt=\"\ud83d\udcaa\" \/><\/span><span class=\"q9uorilb tbxw36s4 knj5qynh kvgmc6g5 ditlmg2l oygrvhab nvdbi5me fgm26odu gl3lb2sf hhz5lgdu\"><img loading=\"lazy\" decoding=\"async\" height=\"16\" src=\"https:\/\/static.xx.fbcdn.net\/images\/emoji.php\/v9\/t9a\/1\/16\/1f3cb_200d_2642.png\" width=\"16\" alt=\"\ud83c\udfcb\ufe0f\u200d\u2642\ufe0f\" \/>\u00a0N\u00e9zd meg leg\u00fajabb applik\u00e1ci\u00f3nk vide\u00f3 bemutatkoz\u00f3j\u00e1t! Jelenleg szolg\u00e1ltat\u00e1sunk angol nyelven el\u00e9rhet\u0151.\u00a0<\/span><\/div>\n<\/div>\n<div class=\"o9v6fnle cxmmr5t8 oygrvhab hcukyx3x c1et5uql ii04i59q\">\n<div dir=\"auto\"><span class=\"q9uorilb tbxw36s4 knj5qynh kvgmc6g5 ditlmg2l oygrvhab nvdbi5me fgm26odu gl3lb2sf hhz5lgdu\"><img loading=\"lazy\" decoding=\"async\" height=\"16\" src=\"https:\/\/static.xx.fbcdn.net\/images\/emoji.php\/v9\/tbe\/1\/16\/1f3c6.png\" width=\"16\" alt=\"\ud83c\udfc6\" \/><\/span><span class=\"q9uorilb tbxw36s4 knj5qynh kvgmc6g5 ditlmg2l oygrvhab nvdbi5me fgm26odu gl3lb2sf hhz5lgdu\"><img loading=\"lazy\" decoding=\"async\" height=\"16\" src=\"https:\/\/static.xx.fbcdn.net\/images\/emoji.php\/v9\/tab\/1\/16\/1f3c3_200d_2642.png\" width=\"16\" alt=\"\ud83c\udfc3\u200d\u2642\ufe0f\" \/>\u00a0Ez egy remek opci\u00f3 fut\u00f3k sz\u00e1m\u00e1ra is! A megm\u00e9rettet\u00e9sekhez igazodva periodikus edz\u00e9sprogramot tudunk Neked \u00f6ssze\u00e1ll\u00edtani er\u0151s\u00edt\u0151 gyakorlatokkal \u00f6tv\u00f6zve, hogy elker\u00fcld a s\u00e9r\u00fcl\u00e9seket \u00e9s a legnagyobb versenyeken is a legjobb form\u00e1dat tudd hozni.\u00a0\u00a0<\/span><span style=\"font-size: 14px;\">\u00a0<\/span><\/div>\n<\/div>\n<p>[\/et_pb_text][\/et_pb_column][\/et_pb_row][et_pb_row column_structure=&#8221;1_2,1_2&#8243; _builder_version=&#8221;4.0.11&#8243;][et_pb_column type=&#8221;1_2&#8243; _builder_version=&#8221;4.0.11&#8243;][et_pb_video src=&#8221;http:\/\/smashertraining.com\/wp-content\/uploads\/2020\/05\/APPTOUR1-1.mp4&#8243; _builder_version=&#8221;4.0.11&#8243;][\/et_pb_video][\/et_pb_column][et_pb_column type=&#8221;1_2&#8243; _builder_version=&#8221;4.0.11&#8243;][et_pb_text _builder_version=&#8221;4.0.11&#8243;]<\/p>\n<div class=\"o9v6fnle cxmmr5t8 oygrvhab hcukyx3x c1et5uql ii04i59q\">\n<div dir=\"auto\">Csomagok:<\/div>\n<div dir=\"auto\">2 hetes\u00a0<\/div>\n<div dir=\"auto\">4 hetes\u00a0<\/div>\n<div dir=\"auto\">8 hetes\u00a0<\/div>\n<div dir=\"auto\">12 hetes<\/div>\n<div dir=\"auto\"><\/div>\n<div dir=\"auto\"><\/div>\n<div dir=\"auto\"><\/div>\n<div dir=\"auto\"><\/div>\n<div dir=\"auto\"><\/div>\n<div dir=\"auto\"><\/div>\n<div dir=\"auto\"><\/div>\n<div dir=\"auto\"><\/div>\n<div dir=\"auto\"><\/div>\n<\/div>\n<div class=\"o9v6fnle cxmmr5t8 oygrvhab hcukyx3x c1et5uql ii04i59q\">\n<div dir=\"auto\"><\/div>\n<div dir=\"auto\"><\/div>\n<div dir=\"auto\"><\/div>\n<div dir=\"auto\"><\/div>\n<div dir=\"auto\"><\/div>\n<div dir=\"auto\">Fizet\u00e9s: term\u00fcnkben k\u00e9szp\u00e9nzzel, banki \u00e1tutal\u00e1ssal, Revolut vagy Transferwise<\/div>\n<div dir=\"auto\">B\u0151vebb inform\u00e1ci\u00f3\u00e9rt keress fel el\u00e9rhet\u0151s\u00e9geinken!\u00a0<\/div>\n<div dir=\"auto\">Az applik\u00e1ci\u00f3hoz a bel\u00e9p\u00e9si k\u00f3dot a szem\u00e9lyes c\u00e9lok \u00e9s id\u0151t\u00e1vok \u00e1tbesz\u00e9l\u00e9se, \u00e9s a t\u00e9nyleges fizet\u00e9s ut\u00e1n k\u00fcldj\u00fck.\u00a0<\/div>\n<\/div>\n<p>[\/et_pb_text][\/et_pb_column][\/et_pb_row][et_pb_row _builder_version=&#8221;3.25&#8243; background_size=&#8221;initial&#8221; background_position=&#8221;top_left&#8221; background_repeat=&#8221;repeat&#8221; custom_margin=&#8221;30px|auto||auto||&#8221;][et_pb_column type=&#8221;4_4&#8243; _builder_version=&#8221;3.25&#8243; custom_padding=&#8221;|||&#8221; custom_padding__hover=&#8221;|||&#8221;][et_pb_text admin_label=&#8221;Text&#8221; _builder_version=&#8221;3.27.4&#8243; background_size=&#8221;initial&#8221; background_position=&#8221;top_left&#8221; background_repeat=&#8221;repeat&#8221;][\/et_pb_text][\/et_pb_column][\/et_pb_row][\/et_pb_section]<\/p>\n","protected":false},"excerpt":{"rendered":"<p>[et_pb_section fb_built=&#8221;1&#8243; fullwidth=&#8221;on&#8221; admin_label=&#8221;section&#8221; _builder_version=&#8221;3.22&#8243; background_color=&#8221;#007ae1&#8243; transparent_background=&#8221;off&#8221;][et_pb_fullwidth_header title=&#8221;ONLINE EDZ\u00c9S &#8211; vadi\u00faj applik\u00e1ci\u00f3nkon kereszt\u00fcl&#8221; content_max_width=&#8221;none&#8221; _builder_version=&#8221;3.16&#8243; background_color=&#8221;rgba(255, 255, 255, 0)&#8221; min_height=&#8221;126px&#8221; custom_padding=&#8221;34px||0px|||&#8221; button_one_text_size__hover_enabled=&#8221;off&#8221; button_two_text_size__hover_enabled=&#8221;off&#8221; button_one_text_color__hover_enabled=&#8221;off&#8221; button_two_text_color__hover_enabled=&#8221;off&#8221; button_one_border_width__hover_enabled=&#8221;off&#8221; button_two_border_width__hover_enabled=&#8221;off&#8221; button_one_border_color__hover_enabled=&#8221;off&#8221; button_two_border_color__hover_enabled=&#8221;off&#8221; button_one_border_radius__hover_enabled=&#8221;off&#8221; button_two_border_radius__hover_enabled=&#8221;off&#8221; button_one_letter_spacing__hover_enabled=&#8221;off&#8221; button_two_letter_spacing__hover_enabled=&#8221;off&#8221; button_one_bg_color__hover_enabled=&#8221;off&#8221; button_two_bg_color__hover_enabled=&#8221;off&#8221;]&nbsp; [\/et_pb_fullwidth_header][\/et_pb_section][et_pb_section fb_built=&#8221;1&#8243; _builder_version=&#8221;3.22&#8243; custom_padding=&#8221;0px|||||&#8221; locked=&#8221;off&#8221;][et_pb_row _builder_version=&#8221;3.25&#8243; background_size=&#8221;initial&#8221; background_position=&#8221;top_left&#8221; background_repeat=&#8221;repeat&#8221; custom_margin=&#8221;30px|auto||auto||&#8221; custom_padding=&#8221;2px|||||&#8221;][et_pb_column type=&#8221;4_4&#8243; _builder_version=&#8221;3.25&#8243; custom_padding=&#8221;|||&#8221; custom_padding__hover=&#8221;|||&#8221;][et_pb_text _builder_version=&#8221;4.0.11&#8243;] \u00a0Szeretn\u00e9d k\u00f6vetni szem\u00e9lyre szabott [&hellip;]<\/p>\n","protected":false},"author":1,"featured_media":0,"parent":0,"menu_order":0,"comment_status":"closed","ping_status":"closed","template":"","meta":{"_et_pb_use_builder":"on","_et_pb_old_content":"","jetpack_post_was_ever_published":false,"footnotes":""},"class_list":["post-2312","page","type-page","status-publish","hentry"],"yoast_head":"<!-- This site is optimized with the Yoast SEO plugin v23.5 - https:\/\/yoast.com\/wordpress\/plugins\/seo\/ -->\n<title>ONLINE EDZ\u00c9SPROGRAM - SMASHER TRAINING SYSTEMS<\/title>\n<meta name=\"description\" content=\"Szeretn\u00e9l szem\u00e9lyre szabott er\u0151s\u00edt\u0151 \u00e9s kondicion\u00e1l\u00f3 programunkban r\u00e9szt venni a vil\u00e1g b\u00e1rmely t\u00e1j\u00e1n legy\u00e9l is? Esetleg maratonra, fut\u00f3versenyre k\u00e9sz\u00fclsz?\" \/>\n<meta name=\"robots\" content=\"index, follow, max-snippet:-1, max-image-preview:large, max-video-preview:-1\" \/>\n<link rel=\"canonical\" href=\"https:\/\/smashertraining.com\/distancetraining\/\" \/>\n<meta property=\"og:locale\" content=\"hu_HU\" \/>\n<meta property=\"og:type\" content=\"article\" \/>\n<meta property=\"og:title\" content=\"ONLINE EDZ\u00c9SPROGRAM - SMASHER TRAINING SYSTEMS\" \/>\n<meta property=\"og:description\" content=\"Szeretn\u00e9l szem\u00e9lyre szabott er\u0151s\u00edt\u0151 \u00e9s kondicion\u00e1l\u00f3 programunkban r\u00e9szt venni a vil\u00e1g b\u00e1rmely t\u00e1j\u00e1n legy\u00e9l is? Esetleg maratonra, fut\u00f3versenyre k\u00e9sz\u00fclsz?\" \/>\n<meta property=\"og:url\" content=\"https:\/\/smashertraining.com\/distancetraining\/\" \/>\n<meta property=\"og:site_name\" content=\"SMASHER TRAINING SYSTEMS\" \/>\n<meta property=\"article:modified_time\" content=\"2024-01-08T09:57:11+00:00\" \/>\n<meta property=\"og:image\" content=\"https:\/\/static.xx.fbcdn.net\/images\/emoji.php\/v9\/tc0\/1\/16\/1f30e.png\" \/>\n<meta name=\"twitter:label1\" content=\"Becs\u00fclt olvas\u00e1si id\u0151\" \/>\n\t<meta name=\"twitter:data1\" content=\"2 perc\" \/>\n<script type=\"application\/ld+json\" class=\"yoast-schema-graph\">{\"@context\":\"https:\/\/schema.org\",\"@graph\":[{\"@type\":\"WebPage\",\"@id\":\"https:\/\/smashertraining.com\/distancetraining\/\",\"url\":\"https:\/\/smashertraining.com\/distancetraining\/\",\"name\":\"ONLINE EDZ\u00c9SPROGRAM - SMASHER TRAINING SYSTEMS\",\"isPartOf\":{\"@id\":\"https:\/\/smashertraining.com\/#website\"},\"primaryImageOfPage\":{\"@id\":\"https:\/\/smashertraining.com\/distancetraining\/#primaryimage\"},\"image\":{\"@id\":\"https:\/\/smashertraining.com\/distancetraining\/#primaryimage\"},\"thumbnailUrl\":\"https:\/\/static.xx.fbcdn.net\/images\/emoji.php\/v9\/tc0\/1\/16\/1f30e.png\",\"datePublished\":\"2020-05-25T21:29:13+00:00\",\"dateModified\":\"2024-01-08T09:57:11+00:00\",\"description\":\"Szeretn\u00e9l szem\u00e9lyre szabott er\u0151s\u00edt\u0151 \u00e9s kondicion\u00e1l\u00f3 programunkban r\u00e9szt venni a vil\u00e1g b\u00e1rmely t\u00e1j\u00e1n legy\u00e9l is? Esetleg maratonra, fut\u00f3versenyre k\u00e9sz\u00fclsz?\",\"breadcrumb\":{\"@id\":\"https:\/\/smashertraining.com\/distancetraining\/#breadcrumb\"},\"inLanguage\":\"hu\",\"potentialAction\":[{\"@type\":\"ReadAction\",\"target\":[\"https:\/\/smashertraining.com\/distancetraining\/\"]}]},{\"@type\":\"ImageObject\",\"inLanguage\":\"hu\",\"@id\":\"https:\/\/smashertraining.com\/distancetraining\/#primaryimage\",\"url\":\"https:\/\/static.xx.fbcdn.net\/images\/emoji.php\/v9\/tc0\/1\/16\/1f30e.png\",\"contentUrl\":\"https:\/\/static.xx.fbcdn.net\/images\/emoji.php\/v9\/tc0\/1\/16\/1f30e.png\"},{\"@type\":\"BreadcrumbList\",\"@id\":\"https:\/\/smashertraining.com\/distancetraining\/#breadcrumb\",\"itemListElement\":[{\"@type\":\"ListItem\",\"position\":1,\"name\":\"Home\",\"item\":\"https:\/\/smashertraining.com\/\"},{\"@type\":\"ListItem\",\"position\":2,\"name\":\"ONLINE EDZ\u00c9SPROGRAM\"}]},{\"@type\":\"WebSite\",\"@id\":\"https:\/\/smashertraining.com\/#website\",\"url\":\"https:\/\/smashertraining.com\/\",\"name\":\"SMASHER TRAINING SYSTEMS\",\"description\":\"Personal Trainer Budapest\",\"potentialAction\":[{\"@type\":\"SearchAction\",\"target\":{\"@type\":\"EntryPoint\",\"urlTemplate\":\"https:\/\/smashertraining.com\/?s={search_term_string}\"},\"query-input\":{\"@type\":\"PropertyValueSpecification\",\"valueRequired\":true,\"valueName\":\"search_term_string\"}}],\"inLanguage\":\"hu\"}]}<\/script>\n<!-- \/ Yoast SEO plugin. -->","yoast_head_json":{"title":"ONLINE EDZ\u00c9SPROGRAM - SMASHER TRAINING SYSTEMS","description":"Szeretn\u00e9l szem\u00e9lyre szabott er\u0151s\u00edt\u0151 \u00e9s kondicion\u00e1l\u00f3 programunkban r\u00e9szt venni a vil\u00e1g b\u00e1rmely t\u00e1j\u00e1n legy\u00e9l is? Esetleg maratonra, fut\u00f3versenyre k\u00e9sz\u00fclsz?","robots":{"index":"index","follow":"follow","max-snippet":"max-snippet:-1","max-image-preview":"max-image-preview:large","max-video-preview":"max-video-preview:-1"},"canonical":"https:\/\/smashertraining.com\/distancetraining\/","og_locale":"hu_HU","og_type":"article","og_title":"ONLINE EDZ\u00c9SPROGRAM - SMASHER TRAINING SYSTEMS","og_description":"Szeretn\u00e9l szem\u00e9lyre szabott er\u0151s\u00edt\u0151 \u00e9s kondicion\u00e1l\u00f3 programunkban r\u00e9szt venni a vil\u00e1g b\u00e1rmely t\u00e1j\u00e1n legy\u00e9l is? Esetleg maratonra, fut\u00f3versenyre k\u00e9sz\u00fclsz?","og_url":"https:\/\/smashertraining.com\/distancetraining\/","og_site_name":"SMASHER TRAINING SYSTEMS","article_modified_time":"2024-01-08T09:57:11+00:00","og_image":[{"url":"https:\/\/static.xx.fbcdn.net\/images\/emoji.php\/v9\/tc0\/1\/16\/1f30e.png"}],"twitter_misc":{"Becs\u00fclt olvas\u00e1si id\u0151":"2 perc"},"schema":{"@context":"https:\/\/schema.org","@graph":[{"@type":"WebPage","@id":"https:\/\/smashertraining.com\/distancetraining\/","url":"https:\/\/smashertraining.com\/distancetraining\/","name":"ONLINE EDZ\u00c9SPROGRAM - SMASHER TRAINING SYSTEMS","isPartOf":{"@id":"https:\/\/smashertraining.com\/#website"},"primaryImageOfPage":{"@id":"https:\/\/smashertraining.com\/distancetraining\/#primaryimage"},"image":{"@id":"https:\/\/smashertraining.com\/distancetraining\/#primaryimage"},"thumbnailUrl":"https:\/\/static.xx.fbcdn.net\/images\/emoji.php\/v9\/tc0\/1\/16\/1f30e.png","datePublished":"2020-05-25T21:29:13+00:00","dateModified":"2024-01-08T09:57:11+00:00","description":"Szeretn\u00e9l szem\u00e9lyre szabott er\u0151s\u00edt\u0151 \u00e9s kondicion\u00e1l\u00f3 programunkban r\u00e9szt venni a vil\u00e1g b\u00e1rmely t\u00e1j\u00e1n legy\u00e9l is? Esetleg maratonra, fut\u00f3versenyre k\u00e9sz\u00fclsz?","breadcrumb":{"@id":"https:\/\/smashertraining.com\/distancetraining\/#breadcrumb"},"inLanguage":"hu","potentialAction":[{"@type":"ReadAction","target":["https:\/\/smashertraining.com\/distancetraining\/"]}]},{"@type":"ImageObject","inLanguage":"hu","@id":"https:\/\/smashertraining.com\/distancetraining\/#primaryimage","url":"https:\/\/static.xx.fbcdn.net\/images\/emoji.php\/v9\/tc0\/1\/16\/1f30e.png","contentUrl":"https:\/\/static.xx.fbcdn.net\/images\/emoji.php\/v9\/tc0\/1\/16\/1f30e.png"},{"@type":"BreadcrumbList","@id":"https:\/\/smashertraining.com\/distancetraining\/#breadcrumb","itemListElement":[{"@type":"ListItem","position":1,"name":"Home","item":"https:\/\/smashertraining.com\/"},{"@type":"ListItem","position":2,"name":"ONLINE EDZ\u00c9SPROGRAM"}]},{"@type":"WebSite","@id":"https:\/\/smashertraining.com\/#website","url":"https:\/\/smashertraining.com\/","name":"SMASHER TRAINING SYSTEMS","description":"Personal Trainer Budapest","potentialAction":[{"@type":"SearchAction","target":{"@type":"EntryPoint","urlTemplate":"https:\/\/smashertraining.com\/?s={search_term_string}"},"query-input":{"@type":"PropertyValueSpecification","valueRequired":true,"valueName":"search_term_string"}}],"inLanguage":"hu"}]}},"jetpack_sharing_enabled":true,"jetpack_shortlink":"https:\/\/wp.me\/Pa7t9V-Bi","_links":{"self":[{"href":"https:\/\/smashertraining.com\/hu\/wp-json\/wp\/v2\/pages\/2312"}],"collection":[{"href":"https:\/\/smashertraining.com\/hu\/wp-json\/wp\/v2\/pages"}],"about":[{"href":"https:\/\/smashertraining.com\/hu\/wp-json\/wp\/v2\/types\/page"}],"author":[{"embeddable":true,"href":"https:\/\/smashertraining.com\/hu\/wp-json\/wp\/v2\/users\/1"}],"replies":[{"embeddable":true,"href":"https:\/\/smashertraining.com\/hu\/wp-json\/wp\/v2\/comments?post=2312"}],"version-history":[{"count":7,"href":"https:\/\/smashertraining.com\/hu\/wp-json\/wp\/v2\/pages\/2312\/revisions"}],"predecessor-version":[{"id":2889,"href":"https:\/\/smashertraining.com\/hu\/wp-json\/wp\/v2\/pages\/2312\/revisions\/2889"}],"wp:attachment":[{"href":"https:\/\/smashertraining.com\/hu\/wp-json\/wp\/v2\/media?parent=2312"}],"curies":[{"name":"wp","href":"https:\/\/api.w.org\/{rel}","templated":true}]}}