{"id":233,"date":"2014-10-20T13:37:16","date_gmt":"2014-10-20T13:37:16","guid":{"rendered":"http:\/\/smashertraining.com\/?page_id=233"},"modified":"2020-01-27T15:43:38","modified_gmt":"2020-01-27T15:43:38","slug":"gyermek-edzes","status":"publish","type":"page","link":"https:\/\/smashertraining.com\/hu\/gyermek-edzes\/","title":{"rendered":"Gyermek edz\u00e9s"},"content":{"rendered":"<p>[et_pb_section fb_built=&#8221;1&#8243; fullwidth=&#8221;on&#8221; _builder_version=&#8221;3.22&#8243; background_color=&#8221;#007ae1&#8243; transparent_background=&#8221;off&#8221;][et_pb_fullwidth_header title=&#8221;GYERMEK EDZ\u00c9S&#8221; content_max_width=&#8221;none&#8221; admin_label=&#8221;Fullwidth Header&#8221; _builder_version=&#8221;4.0.11&#8243; background_color=&#8221;rgba(255, 255, 255, 0)&#8221; hover_enabled=&#8221;0&#8243; button_one_text_size__hover_enabled=&#8221;off&#8221; button_two_text_size__hover_enabled=&#8221;off&#8221; button_one_text_color__hover_enabled=&#8221;off&#8221; button_two_text_color__hover_enabled=&#8221;off&#8221; button_one_border_width__hover_enabled=&#8221;off&#8221; button_two_border_width__hover_enabled=&#8221;off&#8221; button_one_border_color__hover_enabled=&#8221;off&#8221; button_two_border_color__hover_enabled=&#8221;off&#8221; button_one_border_radius__hover_enabled=&#8221;off&#8221; button_two_border_radius__hover_enabled=&#8221;off&#8221; button_one_letter_spacing__hover_enabled=&#8221;off&#8221; button_two_letter_spacing__hover_enabled=&#8221;off&#8221; button_one_bg_color__hover_enabled=&#8221;off&#8221; button_two_bg_color__hover_enabled=&#8221;off&#8221; header_image_url=&#8221;http:\/\/smashertraining.com\/wp-content\/uploads\/2020\/01\/KIDSICONGREENgoodsize-1.png&#8221; custom_padding=&#8221;13px||7px|||&#8221;][\/et_pb_fullwidth_header][\/et_pb_section][et_pb_section fb_built=&#8221;1&#8243; _builder_version=&#8221;3.22&#8243; custom_padding=&#8221;23px|||||&#8221;][et_pb_row _builder_version=&#8221;3.25&#8243; background_size=&#8221;initial&#8221; background_position=&#8221;top_left&#8221; background_repeat=&#8221;repeat&#8221; custom_padding=&#8221;0px|||||&#8221;][et_pb_column type=&#8221;4_4&#8243; _builder_version=&#8221;3.25&#8243; custom_padding=&#8221;|||&#8221; custom_padding__hover=&#8221;|||&#8221;][et_pb_text admin_label=&#8221;Text&#8221; _builder_version=&#8221;4.0.11&#8243; background_size=&#8221;initial&#8221; background_position=&#8221;top_left&#8221; background_repeat=&#8221;repeat&#8221;]<\/p>\n<p>A gyermek edz\u00e9sprogramot \u00fagy alak\u00edtottuk ki, hogy a <strong>fiatal \u00edg\u00e9retes sportol\u00f3k teljes\u00edtm\u00e9ny\u00e9t n\u00f6velj\u00fck<\/strong> \u00e9s seg\u00edts\u00fcnk nekik profi sportol\u00f3kk\u00e1 v\u00e1lni. A Junior Program az atletikus k\u00e9pess\u00e9gek fejleszt\u00e9s\u00e9re koncentr\u00e1l, amelyek seg\u00edtik a sportol\u00f3kat, hogy saj\u00e1t sport\u00e1gukban jobbak legyenek \u00e9s felk\u00e9sz\u00edti \u0151ket a mindennapi \u00e9let fizikai k\u00f6vetelm\u00e9nyeire is. A Junior Sport Teljes\u00edtm\u00e9ny Program a <strong>nemzetk\u00f6zi LTAD rendszeren alapul<\/strong> (Hossz\u00fa t\u00e1v\u00fa Atletikus Fejl\u0151d\u00e9s), az edz\u00e9s alkalm\u00e1val olyan fizikai tev\u00e9kenys\u00e9geket v\u00e9geznek a gyerekek, amelyek <strong>megfelelnek a koruknak \u00e9s a fizikai k\u00e9pess\u00e9geiknek<\/strong>. Ezek a tev\u00e9kenys\u00e9gek kih\u00edv\u00e1st jelentenek, de rendk\u00edv\u00fcl hasznosak. A fiatal sportol\u00f3k <strong>er\u0151sek, gyorsak, agilisak, harmonikusak \u00e9s magabiztosak lesznek<\/strong>. Mindezek mellett a gyermek edz\u00e9s programokon nagyon j\u00f3l fogj\u00e1k magukat \u00e9rezni!<\/p>\n<ul>\n<li>1. szint Akt\u00edv kezdetek 0-6 \u00e9ves korig<\/li>\n<li>2. szint Alapok m\u00f3k\u00e1san (l\u00e1nyok 8-11, fi\u00fak 6-9 \u00e9ves korig)<\/li>\n<li>3. szint: Tanuljunk edzeni (l\u00e1nyok 8-11, fi\u00fak 9-12)<\/li>\n<li>4. szint: V\u00e1ljunk sportol\u00f3v\u00e1 (l\u00e1nyok 11-15, fi\u00fak 12-16 \u00e9ves korig)<\/li>\n<li>5. szint: Versenyszer\u0171 edz\u00e9s (l\u00e1nyok 15-, fi\u00fak 16- \u00e9ves kor)<\/li>\n<\/ul>\n<p>Az els\u0151 3 szint a mozg\u00e1skult\u00far\u00e1t fejleszti a pubert\u00e1skor el\u0151tt, hogy a gyerekeknek alapokat adjon az akt\u00edv \u00e9lethez. A mozg\u00e1skult\u00fara kialak\u00edt\u00e1sa seg\u00edt megalapozni a 12 \u00e9ves kor ut\u00e1ni elit edz\u00e9seket egy adott sport\u00e1gban vagy sport tev\u00e9kenys\u00e9gben. A 4-5 szintek elit edz\u00e9sek azoknak, akik egy bizonyos sport\u00e1gban szeretn\u00e9nek fejl\u0151dni \u00e9s versenyezni a legmagasabb szinten. Maximaliz\u00e1lja a fiatal sportol\u00f3k fizikai, ment\u00e1lis \u00e9s \u00e9rzelmi fejl\u0151d\u00e9s\u00e9t. Az ifj\u00fas\u00e1gi program a leend\u0151 sportol\u00f3k kor\u00e1t\u00f3l f\u00fcgg\u0151en m\u00e1s-m\u00e1s ter\u00fcleteket c\u00e9loz meg.<\/p>\n<h4>1-2 szintek<\/h4>\n<p>6-10 \u00e9ves korig \u2013 ebben a korban a legfontosabb a sportol\u00f3i fejl\u0151d\u00e9s. A juniorok minim\u00e1lis fitnesst ig\u00e9nyelnek viszont sok k\u00e9pess\u00e9gn\u00f6vel\u0151 edz\u00e9st, hogy sport tehets\u00e9g\u00fcket tudj\u00e1k fejleszteni. Gyakorlataink ezt c\u00e9lozz\u00e1k meg amellett, hogy k\u00f6zben sz\u00f3rakoztat\u00f3ak is. A tr\u00e9ningprogram tartalma<\/p>\n<ul>\n<li>Az id\u0151 fel\u00e9ben az alap mozg\u00e1skult\u00far\u00e1t fejlesztj\u00fck, fut\u00e1s, ugr\u00e1s, cs\u00fasz\u00e1s, rug\u00f3z\u00e1s, oldalra cs\u00fasz\u00e1s, stb. vagyis az alapok<\/li>\n<li>ABCS k\u00e9pess\u00e9gek: agilit\u00e1s, egyens\u00faly, koordin\u00e1ci\u00f3 \u00e9s gyorsas\u00e1g<\/li>\n<li>Gyakorlatok, melyek ellen\u0151rzik a c\u00e9lz\u00f3 k\u00e9pess\u00e9get: dob\u00e1s, r\u00fag\u00e1s, t\u00e1rgy elkap\u00e1sa, \u00fct\u00e9s \u00e9s kinesztetikus (izommozg\u00e1s) tudatoss\u00e1g<\/li>\n<li>Ezek ut\u00e1n a tr\u00e9ningprogram m\u00e1sodik fel\u00e9ben kifejezetten az atletikus k\u00e9pess\u00e9gekre f\u00f3kusz\u00e1lunk<\/li>\n<li>Er\u0151, er\u0151nl\u00e9t, mobilit\u00e1s, rugalmass\u00e1g, stabilit\u00e1s \u00e9s koordin\u00e1ci\u00f3<\/li>\n<\/ul>\n<h4>3-5 szintek<\/h4>\n<ul>\n<li>Itt a c\u00e9lunk az atletikus k\u00e9pess\u00e9gek fejleszt\u00e9s\u00e9nek befejez\u00e9se. Ebben a korban a gyakorlatok ink\u00e1bb a k\u00fcl\u00f6nleges atletikus k\u00e9pess\u00e9gekre f\u00f3kusz\u00e1lnak<\/li>\n<li>Ez a program olyan gyerekek r\u00e9sz\u00e9re el\u00e9rhet\u0151, akik m\u00e1r sportolnak. A Smasher Training Systems seg\u00edt nekik min\u00e9l jobban adapt\u00e1lni az adott sportot<\/li>\n<li>A tr\u00e9ning programok kivitelezhet\u0151k az edz\u0151teremben vagy ig\u00e9ny szerint m\u00e1s helysz\u00ednen is<\/li>\n<\/ul>\n<p><a class=\"et_pb_more_button\" href=\"http:\/\/smashertraining.com\/hu\/kapcsolat\/\" target=\"_blank\" title=\"Smasher Training System bejelentkez\u00e9s\" rel=\"noopener noreferrer\">Els\u0151 edz\u00e9sre jelentkezem!<\/a><\/p>\n<p>[\/et_pb_text][\/et_pb_column][\/et_pb_row][et_pb_row column_structure=&#8221;1_3,1_3,1_3&#8243; _builder_version=&#8221;4.0.11&#8243; custom_padding=&#8221;||0px|||&#8221; locked=&#8221;off&#8221;][et_pb_column type=&#8221;1_3&#8243; _builder_version=&#8221;4.0.11&#8243;][et_pb_image src=&#8221;http:\/\/smashertraining.com\/wp-content\/uploads\/2020\/01\/bertaandbazsi.png&#8221; _builder_version=&#8221;4.0.11&#8243;][\/et_pb_image][\/et_pb_column][et_pb_column type=&#8221;1_3&#8243; _builder_version=&#8221;4.0.11&#8243;][et_pb_image src=&#8221;http:\/\/smashertraining.com\/wp-content\/uploads\/2020\/01\/kids7.png&#8221; _builder_version=&#8221;4.0.11&#8243;][\/et_pb_image][\/et_pb_column][et_pb_column type=&#8221;1_3&#8243; _builder_version=&#8221;4.0.11&#8243;][et_pb_image src=&#8221;http:\/\/smashertraining.com\/wp-content\/uploads\/2020\/01\/kids8.png&#8221; _builder_version=&#8221;4.0.11&#8243;][\/et_pb_image][\/et_pb_column][\/et_pb_row][et_pb_row column_structure=&#8221;1_2,1_2&#8243; _builder_version=&#8221;4.0.11&#8243; locked=&#8221;off&#8221;][et_pb_column type=&#8221;1_2&#8243; _builder_version=&#8221;4.0.11&#8243;][et_pb_image src=&#8221;http:\/\/smashertraining.com\/wp-content\/uploads\/2020\/01\/szasaandreas.jpg&#8221; _builder_version=&#8221;4.0.11&#8243;][\/et_pb_image][\/et_pb_column][et_pb_column type=&#8221;1_2&#8243; _builder_version=&#8221;4.0.11&#8243;][et_pb_image src=&#8221;http:\/\/smashertraining.com\/wp-content\/uploads\/2020\/01\/kids11.png&#8221; _builder_version=&#8221;4.0.11&#8243;][\/et_pb_image][\/et_pb_column][\/et_pb_row][et_pb_row column_structure=&#8221;1_4,1_4,1_4,1_4&#8243; _builder_version=&#8221;4.0.11&#8243; locked=&#8221;off&#8221;][et_pb_column type=&#8221;1_4&#8243; _builder_version=&#8221;4.0.11&#8243;][et_pb_image src=&#8221;http:\/\/smashertraining.com\/wp-content\/uploads\/2020\/01\/kids9.png&#8221; _builder_version=&#8221;4.0.11&#8243;][\/et_pb_image][\/et_pb_column][et_pb_column type=&#8221;1_4&#8243; _builder_version=&#8221;4.0.11&#8243;][et_pb_image src=&#8221;http:\/\/smashertraining.com\/wp-content\/uploads\/2020\/01\/kids6.png&#8221; _builder_version=&#8221;4.0.11&#8243;][\/et_pb_image][\/et_pb_column][et_pb_column type=&#8221;1_4&#8243; _builder_version=&#8221;4.0.11&#8243;][et_pb_image src=&#8221;http:\/\/smashertraining.com\/wp-content\/uploads\/2020\/01\/20180402_174416-scaled.jpg&#8221; _builder_version=&#8221;4.0.11&#8243;][\/et_pb_image][\/et_pb_column][et_pb_column type=&#8221;1_4&#8243; _builder_version=&#8221;4.0.11&#8243;][et_pb_image src=&#8221;http:\/\/smashertraining.com\/wp-content\/uploads\/2020\/01\/kids3.png&#8221; _builder_version=&#8221;4.0.11&#8243;][\/et_pb_image][\/et_pb_column][\/et_pb_row][et_pb_row column_structure=&#8221;1_3,1_3,1_3&#8243; _builder_version=&#8221;4.0.11&#8243; locked=&#8221;off&#8221;][et_pb_column type=&#8221;1_3&#8243; _builder_version=&#8221;4.0.11&#8243;][et_pb_image src=&#8221;http:\/\/smashertraining.com\/wp-content\/uploads\/2020\/01\/kids10.png&#8221; _builder_version=&#8221;4.0.11&#8243;][\/et_pb_image][\/et_pb_column][et_pb_column type=&#8221;1_3&#8243; _builder_version=&#8221;4.0.11&#8243;][et_pb_image src=&#8221;http:\/\/smashertraining.com\/wp-content\/uploads\/2020\/01\/kids2.png&#8221; _builder_version=&#8221;4.0.11&#8243;][\/et_pb_image][\/et_pb_column][et_pb_column type=&#8221;1_3&#8243; _builder_version=&#8221;4.0.11&#8243;][et_pb_image src=&#8221;http:\/\/smashertraining.com\/wp-content\/uploads\/2020\/01\/IMG_20191030_120113-scaled.jpg&#8221; _builder_version=&#8221;4.0.11&#8243;][\/et_pb_image][\/et_pb_column][\/et_pb_row][\/et_pb_section]<\/p>\n","protected":false},"excerpt":{"rendered":"<p>[et_pb_section fb_built=&#8221;1&#8243; fullwidth=&#8221;on&#8221; _builder_version=&#8221;3.22&#8243; background_color=&#8221;#007ae1&#8243; transparent_background=&#8221;off&#8221;][et_pb_fullwidth_header title=&#8221;GYERMEK EDZ\u00c9S&#8221; content_max_width=&#8221;none&#8221; admin_label=&#8221;Fullwidth Header&#8221; _builder_version=&#8221;4.0.11&#8243; background_color=&#8221;rgba(255, 255, 255, 0)&#8221; hover_enabled=&#8221;0&#8243; button_one_text_size__hover_enabled=&#8221;off&#8221; button_two_text_size__hover_enabled=&#8221;off&#8221; button_one_text_color__hover_enabled=&#8221;off&#8221; button_two_text_color__hover_enabled=&#8221;off&#8221; button_one_border_width__hover_enabled=&#8221;off&#8221; button_two_border_width__hover_enabled=&#8221;off&#8221; button_one_border_color__hover_enabled=&#8221;off&#8221; button_two_border_color__hover_enabled=&#8221;off&#8221; button_one_border_radius__hover_enabled=&#8221;off&#8221; button_two_border_radius__hover_enabled=&#8221;off&#8221; button_one_letter_spacing__hover_enabled=&#8221;off&#8221; button_two_letter_spacing__hover_enabled=&#8221;off&#8221; button_one_bg_color__hover_enabled=&#8221;off&#8221; button_two_bg_color__hover_enabled=&#8221;off&#8221; header_image_url=&#8221;http:\/\/smashertraining.com\/wp-content\/uploads\/2020\/01\/KIDSICONGREENgoodsize-1.png&#8221; custom_padding=&#8221;13px||7px|||&#8221;][\/et_pb_fullwidth_header][\/et_pb_section][et_pb_section fb_built=&#8221;1&#8243; _builder_version=&#8221;3.22&#8243; custom_padding=&#8221;23px|||||&#8221;][et_pb_row _builder_version=&#8221;3.25&#8243; background_size=&#8221;initial&#8221; background_position=&#8221;top_left&#8221; background_repeat=&#8221;repeat&#8221; custom_padding=&#8221;0px|||||&#8221;][et_pb_column type=&#8221;4_4&#8243; _builder_version=&#8221;3.25&#8243; custom_padding=&#8221;|||&#8221; custom_padding__hover=&#8221;|||&#8221;][et_pb_text admin_label=&#8221;Text&#8221; _builder_version=&#8221;4.0.11&#8243; background_size=&#8221;initial&#8221; background_position=&#8221;top_left&#8221; background_repeat=&#8221;repeat&#8221;] A gyermek edz\u00e9sprogramot \u00fagy alak\u00edtottuk [&hellip;]<\/p>\n","protected":false},"author":1,"featured_media":0,"parent":0,"menu_order":0,"comment_status":"open","ping_status":"open","template":"","meta":{"_et_pb_use_builder":"on","_et_pb_old_content":"","jetpack_post_was_ever_published":false,"footnotes":""},"class_list":["post-233","page","type-page","status-publish","hentry"],"yoast_head":"<!-- This site is optimized with the Yoast SEO plugin v23.5 - https:\/\/yoast.com\/wordpress\/plugins\/seo\/ -->\n<title>Gyermek edz\u00e9s - Smasher Training Systems - Szem\u00e9lyi edz\u0151 Budapest<\/title>\n<meta name=\"description\" content=\"A gyermek edz\u00e9sprogramot \u00fagy alak\u00edtottuk ki, hogy a fiatal \u00edg\u00e9retes sportol\u00f3k teljes\u00edtm\u00e9ny\u00e9t n\u00f6velj\u00fck \u00e9s seg\u00edts\u00fcnk nekik profi sportol\u00f3kk\u00e1 v\u00e1lni.\" \/>\n<meta name=\"robots\" content=\"index, follow, max-snippet:-1, max-image-preview:large, max-video-preview:-1\" \/>\n<link rel=\"canonical\" href=\"https:\/\/smashertraining.com\/kids-training\/\" \/>\n<meta property=\"og:locale\" content=\"hu_HU\" \/>\n<meta property=\"og:type\" content=\"article\" \/>\n<meta property=\"og:title\" content=\"Gyermek edz\u00e9s - Smasher Training Systems - Szem\u00e9lyi edz\u0151 Budapest\" \/>\n<meta property=\"og:description\" content=\"A gyermek edz\u00e9sprogramot \u00fagy alak\u00edtottuk ki, hogy a fiatal \u00edg\u00e9retes sportol\u00f3k teljes\u00edtm\u00e9ny\u00e9t n\u00f6velj\u00fck \u00e9s seg\u00edts\u00fcnk nekik profi sportol\u00f3kk\u00e1 v\u00e1lni.\" \/>\n<meta property=\"og:url\" content=\"https:\/\/smashertraining.com\/kids-training\/\" \/>\n<meta property=\"og:site_name\" content=\"SMASHER TRAINING SYSTEMS\" \/>\n<meta property=\"article:modified_time\" content=\"2020-01-27T15:43:38+00:00\" \/>\n<meta name=\"twitter:label1\" content=\"Becs\u00fclt olvas\u00e1si id\u0151\" \/>\n\t<meta name=\"twitter:data1\" content=\"6 perc\" \/>\n<script type=\"application\/ld+json\" class=\"yoast-schema-graph\">{\"@context\":\"https:\/\/schema.org\",\"@graph\":[{\"@type\":\"WebPage\",\"@id\":\"https:\/\/smashertraining.com\/kids-training\/\",\"url\":\"https:\/\/smashertraining.com\/kids-training\/\",\"name\":\"Gyermek edz\u00e9s - Smasher Training Systems - Szem\u00e9lyi edz\u0151 Budapest\",\"isPartOf\":{\"@id\":\"https:\/\/smashertraining.com\/#website\"},\"datePublished\":\"2014-10-20T13:37:16+00:00\",\"dateModified\":\"2020-01-27T15:43:38+00:00\",\"description\":\"A gyermek edz\u00e9sprogramot \u00fagy alak\u00edtottuk ki, hogy a fiatal \u00edg\u00e9retes sportol\u00f3k teljes\u00edtm\u00e9ny\u00e9t n\u00f6velj\u00fck \u00e9s seg\u00edts\u00fcnk nekik profi sportol\u00f3kk\u00e1 v\u00e1lni.\",\"breadcrumb\":{\"@id\":\"https:\/\/smashertraining.com\/kids-training\/#breadcrumb\"},\"inLanguage\":\"hu\",\"potentialAction\":[{\"@type\":\"ReadAction\",\"target\":[\"https:\/\/smashertraining.com\/kids-training\/\"]}]},{\"@type\":\"BreadcrumbList\",\"@id\":\"https:\/\/smashertraining.com\/kids-training\/#breadcrumb\",\"itemListElement\":[{\"@type\":\"ListItem\",\"position\":1,\"name\":\"Home\",\"item\":\"https:\/\/smashertraining.com\/\"},{\"@type\":\"ListItem\",\"position\":2,\"name\":\"Gyermek edz\u00e9s\"}]},{\"@type\":\"WebSite\",\"@id\":\"https:\/\/smashertraining.com\/#website\",\"url\":\"https:\/\/smashertraining.com\/\",\"name\":\"SMASHER TRAINING SYSTEMS\",\"description\":\"Personal Trainer Budapest\",\"potentialAction\":[{\"@type\":\"SearchAction\",\"target\":{\"@type\":\"EntryPoint\",\"urlTemplate\":\"https:\/\/smashertraining.com\/?s={search_term_string}\"},\"query-input\":{\"@type\":\"PropertyValueSpecification\",\"valueRequired\":true,\"valueName\":\"search_term_string\"}}],\"inLanguage\":\"hu\"}]}<\/script>\n<!-- \/ Yoast SEO plugin. -->","yoast_head_json":{"title":"Gyermek edz\u00e9s - Smasher Training Systems - Szem\u00e9lyi edz\u0151 Budapest","description":"A gyermek edz\u00e9sprogramot \u00fagy alak\u00edtottuk ki, hogy a fiatal \u00edg\u00e9retes sportol\u00f3k teljes\u00edtm\u00e9ny\u00e9t n\u00f6velj\u00fck \u00e9s seg\u00edts\u00fcnk nekik profi sportol\u00f3kk\u00e1 v\u00e1lni.","robots":{"index":"index","follow":"follow","max-snippet":"max-snippet:-1","max-image-preview":"max-image-preview:large","max-video-preview":"max-video-preview:-1"},"canonical":"https:\/\/smashertraining.com\/kids-training\/","og_locale":"hu_HU","og_type":"article","og_title":"Gyermek edz\u00e9s - Smasher Training Systems - Szem\u00e9lyi edz\u0151 Budapest","og_description":"A gyermek edz\u00e9sprogramot \u00fagy alak\u00edtottuk ki, hogy a fiatal \u00edg\u00e9retes sportol\u00f3k teljes\u00edtm\u00e9ny\u00e9t n\u00f6velj\u00fck \u00e9s seg\u00edts\u00fcnk nekik profi sportol\u00f3kk\u00e1 v\u00e1lni.","og_url":"https:\/\/smashertraining.com\/kids-training\/","og_site_name":"SMASHER TRAINING SYSTEMS","article_modified_time":"2020-01-27T15:43:38+00:00","twitter_misc":{"Becs\u00fclt olvas\u00e1si id\u0151":"6 perc"},"schema":{"@context":"https:\/\/schema.org","@graph":[{"@type":"WebPage","@id":"https:\/\/smashertraining.com\/kids-training\/","url":"https:\/\/smashertraining.com\/kids-training\/","name":"Gyermek edz\u00e9s - Smasher Training Systems - Szem\u00e9lyi edz\u0151 Budapest","isPartOf":{"@id":"https:\/\/smashertraining.com\/#website"},"datePublished":"2014-10-20T13:37:16+00:00","dateModified":"2020-01-27T15:43:38+00:00","description":"A gyermek edz\u00e9sprogramot \u00fagy alak\u00edtottuk ki, hogy a fiatal \u00edg\u00e9retes sportol\u00f3k teljes\u00edtm\u00e9ny\u00e9t n\u00f6velj\u00fck \u00e9s seg\u00edts\u00fcnk nekik profi sportol\u00f3kk\u00e1 v\u00e1lni.","breadcrumb":{"@id":"https:\/\/smashertraining.com\/kids-training\/#breadcrumb"},"inLanguage":"hu","potentialAction":[{"@type":"ReadAction","target":["https:\/\/smashertraining.com\/kids-training\/"]}]},{"@type":"BreadcrumbList","@id":"https:\/\/smashertraining.com\/kids-training\/#breadcrumb","itemListElement":[{"@type":"ListItem","position":1,"name":"Home","item":"https:\/\/smashertraining.com\/"},{"@type":"ListItem","position":2,"name":"Gyermek edz\u00e9s"}]},{"@type":"WebSite","@id":"https:\/\/smashertraining.com\/#website","url":"https:\/\/smashertraining.com\/","name":"SMASHER TRAINING SYSTEMS","description":"Personal Trainer Budapest","potentialAction":[{"@type":"SearchAction","target":{"@type":"EntryPoint","urlTemplate":"https:\/\/smashertraining.com\/?s={search_term_string}"},"query-input":{"@type":"PropertyValueSpecification","valueRequired":true,"valueName":"search_term_string"}}],"inLanguage":"hu"}]}},"jetpack_sharing_enabled":true,"jetpack_shortlink":"https:\/\/wp.me\/Pa7t9V-3L","_links":{"self":[{"href":"https:\/\/smashertraining.com\/hu\/wp-json\/wp\/v2\/pages\/233"}],"collection":[{"href":"https:\/\/smashertraining.com\/hu\/wp-json\/wp\/v2\/pages"}],"about":[{"href":"https:\/\/smashertraining.com\/hu\/wp-json\/wp\/v2\/types\/page"}],"author":[{"embeddable":true,"href":"https:\/\/smashertraining.com\/hu\/wp-json\/wp\/v2\/users\/1"}],"replies":[{"embeddable":true,"href":"https:\/\/smashertraining.com\/hu\/wp-json\/wp\/v2\/comments?post=233"}],"version-history":[{"count":10,"href":"https:\/\/smashertraining.com\/hu\/wp-json\/wp\/v2\/pages\/233\/revisions"}],"predecessor-version":[{"id":2043,"href":"https:\/\/smashertraining.com\/hu\/wp-json\/wp\/v2\/pages\/233\/revisions\/2043"}],"wp:attachment":[{"href":"https:\/\/smashertraining.com\/hu\/wp-json\/wp\/v2\/media?parent=233"}],"curies":[{"name":"wp","href":"https:\/\/api.w.org\/{rel}","templated":true}]}}