{"id":2745,"date":"2023-08-14T16:21:13","date_gmt":"2023-08-14T16:21:13","guid":{"rendered":"http:\/\/smashertraining.com\/?page_id=2745"},"modified":"2023-11-23T14:13:17","modified_gmt":"2023-11-23T14:13:17","slug":"szules-utani-erosites","status":"publish","type":"page","link":"https:\/\/smashertraining.com\/hu\/szules-utani-erosites\/","title":{"rendered":"Sz\u00fcl\u00e9s ut\u00e1ni er\u0151s\u00edt\u00e9s"},"content":{"rendered":"<p>[et_pb_section fb_built=&#8221;1&#8243; fullwidth=&#8221;on&#8221; _builder_version=&#8221;3.22&#8243; background_color=&#8221;#007ae1&#8243; transparent_background=&#8221;off&#8221;][et_pb_fullwidth_header title=&#8221;SZ\u00dcL\u00c9S UT\u00c1NI ER\u0150S\u00cdT\u00c9S&#8221; content_max_width=&#8221;none&#8221; admin_label=&#8221;Fullwidth Header&#8221; _builder_version=&#8221;3.16&#8243; background_color=&#8221;rgba(255, 255, 255, 0)&#8221; button_one_text_size__hover_enabled=&#8221;off&#8221; button_two_text_size__hover_enabled=&#8221;off&#8221; button_one_text_color__hover_enabled=&#8221;off&#8221; button_two_text_color__hover_enabled=&#8221;off&#8221; button_one_border_width__hover_enabled=&#8221;off&#8221; button_two_border_width__hover_enabled=&#8221;off&#8221; button_one_border_color__hover_enabled=&#8221;off&#8221; button_two_border_color__hover_enabled=&#8221;off&#8221; button_one_border_radius__hover_enabled=&#8221;off&#8221; button_two_border_radius__hover_enabled=&#8221;off&#8221; button_one_letter_spacing__hover_enabled=&#8221;off&#8221; button_two_letter_spacing__hover_enabled=&#8221;off&#8221; button_one_bg_color__hover_enabled=&#8221;off&#8221; button_two_bg_color__hover_enabled=&#8221;off&#8221;][\/et_pb_fullwidth_header][\/et_pb_section][et_pb_section fb_built=&#8221;1&#8243; _builder_version=&#8221;3.22&#8243;][et_pb_row column_structure=&#8221;1_2,1_2&#8243; _builder_version=&#8221;4.0.11&#8243; background_size=&#8221;initial&#8221; background_position=&#8221;top_left&#8221; background_repeat=&#8221;repeat&#8221; custom_padding=&#8221;|||19px||&#8221;][et_pb_column type=&#8221;1_2&#8243; _builder_version=&#8221;3.25&#8243; custom_padding=&#8221;|||&#8221; custom_padding__hover=&#8221;|||&#8221;][et_pb_text admin_label=&#8221;Text&#8221; _builder_version=&#8221;4.0.11&#8243; background_size=&#8221;initial&#8221; background_position=&#8221;top_left&#8221; background_repeat=&#8221;repeat&#8221; custom_padding=&#8221;||25px|||&#8221;]<\/p>\n<p><span style=\"font-size: 16px;\">Az anyas\u00e1g egy \u00faj, hihetetlen fejezet kezdet\u00e9t jelenti az \u00e9letedben, \u00e9s az eg\u00e9szs\u00e9ged tov\u00e1bbra is mindennek a k\u00f6z\u00e9ppontj\u00e1ban \u00e1ll. Bemutatjuk Posztnat\u00e1lis Szem\u00e9lyi Edz\u00e9s programunkat, amely gondosan kidolgozott, hogy szem\u00e9lyre szabottan seg\u00edtsen \u00e9s vezessen \u00e1t a neh\u00e9zs\u00e9geken, minden l\u00e9p\u00e9sn\u00e9l meger\u0151s\u00edtve t\u00e9ged.<\/span><\/p>\n<p><span style=\"font-size: 16px;\">Mi\u00e9rt v\u00e1laszd a Posztnat\u00e1lis Szem\u00e9lyi Edz\u00e9st? A sz\u00fcl\u00e9s ut\u00e1ni utad egyedi, \u00e9s az edz\u00e9si c\u00e9ljaid is azok. Okleveles Fitmummy szem\u00e9lyi edz\u0151nk a posztnat\u00e1lis j\u00f3ll\u00e9tre specializ\u00e1l\u00f3dott \u00e9s meg\u00e9rti a test \u00e1talakul\u00e1s\u00e1nak finoms\u00e1gait. <\/span><\/p>\n<p><span style=\"font-size: 16px;\"><strong>Ha egy hete adt\u00e1l \u00e9letet a bab\u00e1dnak \u00e9s szeretn\u00e9l min\u00e9l jobban regener\u00e1l\u00f3dni, vagy ak\u00e1r 10 \u00e9vvel ezel\u0151tt, de m\u00e9g mindig neh\u00e9zs\u00e9gekkel k\u00fczk\u00f6dsz keress minket b\u00e1tran.<br \/>\u00d3r\u00e1ink el\u00e9rhet\u0151ek edz\u0151term\u00fcnkben \u00e9s online egyar\u00e1nt, hogy b\u00e1rhonnan csatlakozhass. <\/strong><\/span><\/p>\n<p><span style=\"font-size: 16px;\">Szem\u00e9lyre szabott megk\u00f6zel\u00edt\u00e9ssel a k\u00f6vetkez\u0151kre \u00f6sszpontos\u00edtunk:<\/span><\/p>\n<p><span style=\"font-size: 16px;\">&#8211; Core Er\u0151 \u00dajj\u00e1\u00e9p\u00edt\u00e9se: Biztons\u00e1gos \u00e9s hat\u00e9kony m\u00f3don c\u00e9lozzuk meg a core izmokat, seg\u00edtve a regener\u00e1ci\u00f3t \u00e9s az egyens\u00faly helyre\u00e1ll\u00edt\u00e1s\u00e1t.<\/span><\/p>\n<p>&#8211; Testreszabott Edz\u00e9sek: Az edz\u00e9sek az edzetts\u00e9gi szintedhez \u00e9s ig\u00e9nyeidhez igaz\u00edtva fokozatosan fejlesztik az er\u0151det \u00e9s az \u00e1ll\u00f3k\u00e9pess\u00e9gedet.<\/p>\n<p>&#8211; Testi-Lelki Harm\u00f3nia: Be\u00e9p\u00edt\u00fcnk tudatos gyakorlatokat, mint a ny\u00fajt\u00e1s \u00e9s tart\u00e1sjav\u00edt\u00e1s a stressz cs\u00f6kkent\u00e9s\u00e9re, a rugalmass\u00e1g fokoz\u00e1s\u00e1ra \u00e9s a holisztikus j\u00f3l\u00e9t \u00f6szt\u00f6nz\u00e9s\u00e9re.<\/p>\n<p>&#8211; Tart\u00f3s T\u00e1mogat\u00e1s: V\u00e9gig melletted \u00e1llunk az utad sor\u00e1n, ir\u00e1nymutat\u00e1st, motiv\u00e1ci\u00f3t \u00e9s egy k\u00f6z\u00f6ss\u00e9get k\u00edn\u00e1lva.<\/p>\n<p>A Szem\u00e9lyre Szab\u00e1s El\u0151nyei:<\/p>\n<p>\u2705 Egyedi Megk\u00f6zel\u00edt\u00e9s: Az edz\u00e9si terved az egyedi sz\u00fcl\u00e9s ut\u00e1ni ig\u00e9nyeidhez \u00e9s fejl\u0151d\u00e9sedhez igazodik.<\/p>\n<p>\u2705 Szak\u00e9rt\u0151i Ir\u00e1ny\u00edt\u00e1s: Tapasztalt edz\u0151nk a posztnat\u00e1lis \u00e9s rehabilit\u00e1ci\u00f3s fitneszben j\u00e1rtas, garant\u00e1lva a biztons\u00e1got \u00e9s a maxim\u00e1lis eredm\u00e9nyeket. Nem utols\u00f3 sorban maga is \u00e9desanya, aki tiszt\u00e1ban van a felmer\u00fcl\u0151 neh\u00e9zs\u00e9gekkel.\u00a0<\/p>\n<p>\u2705 Rugalmass\u00e1g \u00e9s K\u00e9nyelem: \u00c9lvezd a szem\u00e9lyre szabott edz\u00e9seket, amelyek z\u00f6kken\u0151mentesen beilleszthet\u0151k az id\u0151beoszt\u00e1sodba, ak\u00e1r otthonod k\u00e9nyelm\u00e9b\u0151l online vagy az edt\u0151term\u00fcnkben.<\/p>\n<p>\u2705 Tart\u00f3s \u00c1talakul\u00e1s: A fizikai fejl\u0151d\u00e9s mellett programunk ment\u00e1lisan \u00e9s \u00e9rzelmileg is meger\u0151s\u00edt, hossz\u00fa t\u00e1v\u00fa j\u00f3l\u00e9tet el\u0151seg\u00edtve.<\/p>\n<p>K\u00e9szen \u00e1llsz a k\u00f6vetkez\u0151 l\u00e9p\u00e9sre, egy er\u0151sebb, eg\u00e9szs\u00e9gesebb \u00f6nmagad fel\u00e9? Csatlakozz hozz\u00e1nk ebben a transzform\u00e1ci\u00f3s \u00e9lm\u00e9nyben, \u00e9s l\u00e1tni fogod a szem\u00e9lyre szabott t\u00e1mogat\u00e1s hihetetlen hat\u00e1s\u00e1t az anyai mindennapokban.<\/p>\n<p>&nbsp;<\/p>\n<p>[\/et_pb_text][\/et_pb_column][et_pb_column type=&#8221;1_2&#8243; _builder_version=&#8221;4.0.11&#8243;][et_pb_image src=&#8221;http:\/\/smashertraining.com\/wp-content\/uploads\/2023\/11\/IMG_20231121_135004.jpg&#8221; _builder_version=&#8221;4.0.11&#8243;][\/et_pb_image][et_pb_testimonial author=&#8221;Katerina S., aki Sv\u00e9dorsz\u00e1gb\u00f3l online edz&#8221; portrait_url=&#8221;data:image\/svg+xml;base64,PHN2ZyB3aWR0aD0iNTAwIiBoZWlnaHQ9IjUwMCIgdmlld0JveD0iMCAwIDUwMCA1MDAiIHhtbG5zPSJodHRwOi8vd3d3LnczLm9yZy8yMDAwL3N2ZyI+CiAgICA8ZyBmaWxsPSJub25lIiBmaWxsLXJ1bGU9ImV2ZW5vZGQiPgogICAgICAgIDxwYXRoIGZpbGw9IiNFQkVCRUIiIGQ9Ik0wIDBoNTAwdjUwMEgweiIvPgogICAgICAgIDxyZWN0IGZpbGwtb3BhY2l0eT0iLjEiIGZpbGw9IiMwMDAiIHg9IjY4IiB5PSIzMDUiIHdpZHRoPSIzNjQiIGhlaWdodD0iNTY4IiByeD0iMTgyIi8+CiAgICAgICAgPGNpcmNsZSBmaWxsLW9wYWNpdHk9Ii4xIiBmaWxsPSIjMDAwIiBjeD0iMjQ5IiBjeT0iMTcyIiByPSIxMDAiLz4KICAgIDwvZz4KPC9zdmc+Cg==&#8221; _builder_version=&#8221;4.0.11&#8243; hover_enabled=&#8221;0&#8243;]<\/p>\n<p><span>Szandival a sz\u00fcl\u00e9s ut\u00e1ni 5. h\u00f3napban kezdtem el edzeni, egy olyan id\u0151szakban, amikor az eg\u00e9sz testem f\u00e1jt, \u00e9s nagyon rossz form\u00e1ban voltam. Egy\u00e9rtelm\u0171 tervvel \u00e1llt el\u0151 a fel\u00e9p\u00fcl\u00e9semre, figyelembe v\u00e9ve az energia szintemet \u00e9s az ig\u00e9nyeimet minden egyes edz\u00e9sen. 5 h\u00f3nappal k\u00e9s\u0151bb azt \u00e9rzem, hogy a testem (\u00e9s az \u00f6nbizalmam) sokkal er\u0151sebb! Fantasztikus szakember \u00e9s szem\u00e9ly is, nagyon aj\u00e1nlom.&#8221;<\/span><\/p>\n<p>[\/et_pb_testimonial][\/et_pb_column][\/et_pb_row][et_pb_row _builder_version=&#8221;4.0.11&#8243;][et_pb_column type=&#8221;4_4&#8243; _builder_version=&#8221;4.0.11&#8243;][et_pb_gallery gallery_ids=&#8221;2792,2794,2790,2788,2786&#8243; show_title_and_caption=&#8221;off&#8221; _builder_version=&#8221;4.0.11&#8243;][\/et_pb_gallery][\/et_pb_column][\/et_pb_row][\/et_pb_section]<\/p>\n","protected":false},"excerpt":{"rendered":"<p>[et_pb_section fb_built=&#8221;1&#8243; fullwidth=&#8221;on&#8221; _builder_version=&#8221;3.22&#8243; background_color=&#8221;#007ae1&#8243; transparent_background=&#8221;off&#8221;][et_pb_fullwidth_header title=&#8221;SZ\u00dcL\u00c9S UT\u00c1NI ER\u0150S\u00cdT\u00c9S&#8221; content_max_width=&#8221;none&#8221; admin_label=&#8221;Fullwidth Header&#8221; _builder_version=&#8221;3.16&#8243; background_color=&#8221;rgba(255, 255, 255, 0)&#8221; button_one_text_size__hover_enabled=&#8221;off&#8221; button_two_text_size__hover_enabled=&#8221;off&#8221; button_one_text_color__hover_enabled=&#8221;off&#8221; button_two_text_color__hover_enabled=&#8221;off&#8221; button_one_border_width__hover_enabled=&#8221;off&#8221; button_two_border_width__hover_enabled=&#8221;off&#8221; button_one_border_color__hover_enabled=&#8221;off&#8221; button_two_border_color__hover_enabled=&#8221;off&#8221; button_one_border_radius__hover_enabled=&#8221;off&#8221; button_two_border_radius__hover_enabled=&#8221;off&#8221; button_one_letter_spacing__hover_enabled=&#8221;off&#8221; button_two_letter_spacing__hover_enabled=&#8221;off&#8221; button_one_bg_color__hover_enabled=&#8221;off&#8221; button_two_bg_color__hover_enabled=&#8221;off&#8221;][\/et_pb_fullwidth_header][\/et_pb_section][et_pb_section fb_built=&#8221;1&#8243; _builder_version=&#8221;3.22&#8243;][et_pb_row column_structure=&#8221;1_2,1_2&#8243; _builder_version=&#8221;4.0.11&#8243; background_size=&#8221;initial&#8221; background_position=&#8221;top_left&#8221; background_repeat=&#8221;repeat&#8221; custom_padding=&#8221;|||19px||&#8221;][et_pb_column type=&#8221;1_2&#8243; _builder_version=&#8221;3.25&#8243; custom_padding=&#8221;|||&#8221; custom_padding__hover=&#8221;|||&#8221;][et_pb_text admin_label=&#8221;Text&#8221; _builder_version=&#8221;4.0.11&#8243; background_size=&#8221;initial&#8221; background_position=&#8221;top_left&#8221; background_repeat=&#8221;repeat&#8221; custom_padding=&#8221;||25px|||&#8221;] Az anyas\u00e1g egy \u00faj, hihetetlen fejezet [&hellip;]<\/p>\n","protected":false},"author":1,"featured_media":0,"parent":0,"menu_order":0,"comment_status":"closed","ping_status":"closed","template":"","meta":{"_et_pb_use_builder":"on","_et_pb_old_content":"","jetpack_post_was_ever_published":false,"footnotes":""},"class_list":["post-2745","page","type-page","status-publish","hentry"],"yoast_head":"<!-- This site is optimized with the Yoast SEO plugin v23.5 - https:\/\/yoast.com\/wordpress\/plugins\/seo\/ -->\n<title>Sz\u00fcl\u00e9s ut\u00e1ni er\u0151s\u00edt\u00e9s - SMASHER TRAINING SYSTEMS<\/title>\n<meta name=\"robots\" content=\"index, follow, max-snippet:-1, max-image-preview:large, max-video-preview:-1\" \/>\n<link rel=\"canonical\" href=\"https:\/\/smashertraining.com\/postnataltraining\/\" \/>\n<meta property=\"og:locale\" content=\"hu_HU\" \/>\n<meta property=\"og:type\" content=\"article\" \/>\n<meta property=\"og:title\" content=\"Sz\u00fcl\u00e9s ut\u00e1ni er\u0151s\u00edt\u00e9s - SMASHER TRAINING SYSTEMS\" \/>\n<meta property=\"og:description\" content=\"[et_pb_section fb_built=&#8221;1&#8243; fullwidth=&#8221;on&#8221; _builder_version=&#8221;3.22&#8243; background_color=&#8221;#007ae1&#8243; transparent_background=&#8221;off&#8221;][et_pb_fullwidth_header title=&#8221;SZ\u00dcL\u00c9S UT\u00c1NI ER\u0150S\u00cdT\u00c9S&#8221; content_max_width=&#8221;none&#8221; admin_label=&#8221;Fullwidth Header&#8221; _builder_version=&#8221;3.16&#8243; background_color=&#8221;rgba(255, 255, 255, 0)&#8221; button_one_text_size__hover_enabled=&#8221;off&#8221; button_two_text_size__hover_enabled=&#8221;off&#8221; button_one_text_color__hover_enabled=&#8221;off&#8221; button_two_text_color__hover_enabled=&#8221;off&#8221; button_one_border_width__hover_enabled=&#8221;off&#8221; button_two_border_width__hover_enabled=&#8221;off&#8221; button_one_border_color__hover_enabled=&#8221;off&#8221; button_two_border_color__hover_enabled=&#8221;off&#8221; button_one_border_radius__hover_enabled=&#8221;off&#8221; button_two_border_radius__hover_enabled=&#8221;off&#8221; button_one_letter_spacing__hover_enabled=&#8221;off&#8221; button_two_letter_spacing__hover_enabled=&#8221;off&#8221; button_one_bg_color__hover_enabled=&#8221;off&#8221; button_two_bg_color__hover_enabled=&#8221;off&#8221;][\/et_pb_fullwidth_header][\/et_pb_section][et_pb_section fb_built=&#8221;1&#8243; _builder_version=&#8221;3.22&#8243;][et_pb_row column_structure=&#8221;1_2,1_2&#8243; _builder_version=&#8221;4.0.11&#8243; background_size=&#8221;initial&#8221; background_position=&#8221;top_left&#8221; background_repeat=&#8221;repeat&#8221; custom_padding=&#8221;|||19px||&#8221;][et_pb_column type=&#8221;1_2&#8243; _builder_version=&#8221;3.25&#8243; custom_padding=&#8221;|||&#8221; custom_padding__hover=&#8221;|||&#8221;][et_pb_text admin_label=&#8221;Text&#8221; _builder_version=&#8221;4.0.11&#8243; background_size=&#8221;initial&#8221; background_position=&#8221;top_left&#8221; background_repeat=&#8221;repeat&#8221; custom_padding=&#8221;||25px|||&#8221;] Az anyas\u00e1g egy \u00faj, hihetetlen fejezet [&hellip;]\" \/>\n<meta property=\"og:url\" content=\"https:\/\/smashertraining.com\/postnataltraining\/\" \/>\n<meta property=\"og:site_name\" content=\"SMASHER TRAINING SYSTEMS\" \/>\n<meta property=\"article:modified_time\" content=\"2023-11-23T14:13:17+00:00\" \/>\n<meta name=\"twitter:label1\" content=\"Becs\u00fclt olvas\u00e1si id\u0151\" \/>\n\t<meta name=\"twitter:data1\" content=\"5 perc\" \/>\n<script type=\"application\/ld+json\" class=\"yoast-schema-graph\">{\"@context\":\"https:\/\/schema.org\",\"@graph\":[{\"@type\":\"WebPage\",\"@id\":\"https:\/\/smashertraining.com\/postnataltraining\/\",\"url\":\"https:\/\/smashertraining.com\/postnataltraining\/\",\"name\":\"Sz\u00fcl\u00e9s ut\u00e1ni er\u0151s\u00edt\u00e9s - SMASHER TRAINING SYSTEMS\",\"isPartOf\":{\"@id\":\"https:\/\/smashertraining.com\/#website\"},\"datePublished\":\"2023-08-14T16:21:13+00:00\",\"dateModified\":\"2023-11-23T14:13:17+00:00\",\"breadcrumb\":{\"@id\":\"https:\/\/smashertraining.com\/postnataltraining\/#breadcrumb\"},\"inLanguage\":\"hu\",\"potentialAction\":[{\"@type\":\"ReadAction\",\"target\":[\"https:\/\/smashertraining.com\/postnataltraining\/\"]}]},{\"@type\":\"BreadcrumbList\",\"@id\":\"https:\/\/smashertraining.com\/postnataltraining\/#breadcrumb\",\"itemListElement\":[{\"@type\":\"ListItem\",\"position\":1,\"name\":\"Home\",\"item\":\"https:\/\/smashertraining.com\/\"},{\"@type\":\"ListItem\",\"position\":2,\"name\":\"Sz\u00fcl\u00e9s ut\u00e1ni er\u0151s\u00edt\u00e9s\"}]},{\"@type\":\"WebSite\",\"@id\":\"https:\/\/smashertraining.com\/#website\",\"url\":\"https:\/\/smashertraining.com\/\",\"name\":\"SMASHER TRAINING SYSTEMS\",\"description\":\"Personal Trainer Budapest\",\"potentialAction\":[{\"@type\":\"SearchAction\",\"target\":{\"@type\":\"EntryPoint\",\"urlTemplate\":\"https:\/\/smashertraining.com\/?s={search_term_string}\"},\"query-input\":{\"@type\":\"PropertyValueSpecification\",\"valueRequired\":true,\"valueName\":\"search_term_string\"}}],\"inLanguage\":\"hu\"}]}<\/script>\n<!-- \/ Yoast SEO plugin. -->","yoast_head_json":{"title":"Sz\u00fcl\u00e9s ut\u00e1ni er\u0151s\u00edt\u00e9s - SMASHER TRAINING SYSTEMS","robots":{"index":"index","follow":"follow","max-snippet":"max-snippet:-1","max-image-preview":"max-image-preview:large","max-video-preview":"max-video-preview:-1"},"canonical":"https:\/\/smashertraining.com\/postnataltraining\/","og_locale":"hu_HU","og_type":"article","og_title":"Sz\u00fcl\u00e9s ut\u00e1ni er\u0151s\u00edt\u00e9s - SMASHER TRAINING SYSTEMS","og_description":"[et_pb_section fb_built=&#8221;1&#8243; fullwidth=&#8221;on&#8221; _builder_version=&#8221;3.22&#8243; background_color=&#8221;#007ae1&#8243; transparent_background=&#8221;off&#8221;][et_pb_fullwidth_header title=&#8221;SZ\u00dcL\u00c9S UT\u00c1NI ER\u0150S\u00cdT\u00c9S&#8221; content_max_width=&#8221;none&#8221; admin_label=&#8221;Fullwidth Header&#8221; _builder_version=&#8221;3.16&#8243; background_color=&#8221;rgba(255, 255, 255, 0)&#8221; button_one_text_size__hover_enabled=&#8221;off&#8221; button_two_text_size__hover_enabled=&#8221;off&#8221; button_one_text_color__hover_enabled=&#8221;off&#8221; button_two_text_color__hover_enabled=&#8221;off&#8221; button_one_border_width__hover_enabled=&#8221;off&#8221; button_two_border_width__hover_enabled=&#8221;off&#8221; button_one_border_color__hover_enabled=&#8221;off&#8221; button_two_border_color__hover_enabled=&#8221;off&#8221; button_one_border_radius__hover_enabled=&#8221;off&#8221; button_two_border_radius__hover_enabled=&#8221;off&#8221; button_one_letter_spacing__hover_enabled=&#8221;off&#8221; button_two_letter_spacing__hover_enabled=&#8221;off&#8221; button_one_bg_color__hover_enabled=&#8221;off&#8221; button_two_bg_color__hover_enabled=&#8221;off&#8221;][\/et_pb_fullwidth_header][\/et_pb_section][et_pb_section fb_built=&#8221;1&#8243; _builder_version=&#8221;3.22&#8243;][et_pb_row column_structure=&#8221;1_2,1_2&#8243; _builder_version=&#8221;4.0.11&#8243; background_size=&#8221;initial&#8221; background_position=&#8221;top_left&#8221; background_repeat=&#8221;repeat&#8221; custom_padding=&#8221;|||19px||&#8221;][et_pb_column type=&#8221;1_2&#8243; _builder_version=&#8221;3.25&#8243; custom_padding=&#8221;|||&#8221; custom_padding__hover=&#8221;|||&#8221;][et_pb_text admin_label=&#8221;Text&#8221; _builder_version=&#8221;4.0.11&#8243; background_size=&#8221;initial&#8221; background_position=&#8221;top_left&#8221; background_repeat=&#8221;repeat&#8221; custom_padding=&#8221;||25px|||&#8221;] Az anyas\u00e1g egy \u00faj, hihetetlen fejezet [&hellip;]","og_url":"https:\/\/smashertraining.com\/postnataltraining\/","og_site_name":"SMASHER TRAINING SYSTEMS","article_modified_time":"2023-11-23T14:13:17+00:00","twitter_misc":{"Becs\u00fclt olvas\u00e1si id\u0151":"5 perc"},"schema":{"@context":"https:\/\/schema.org","@graph":[{"@type":"WebPage","@id":"https:\/\/smashertraining.com\/postnataltraining\/","url":"https:\/\/smashertraining.com\/postnataltraining\/","name":"Sz\u00fcl\u00e9s ut\u00e1ni er\u0151s\u00edt\u00e9s - SMASHER TRAINING SYSTEMS","isPartOf":{"@id":"https:\/\/smashertraining.com\/#website"},"datePublished":"2023-08-14T16:21:13+00:00","dateModified":"2023-11-23T14:13:17+00:00","breadcrumb":{"@id":"https:\/\/smashertraining.com\/postnataltraining\/#breadcrumb"},"inLanguage":"hu","potentialAction":[{"@type":"ReadAction","target":["https:\/\/smashertraining.com\/postnataltraining\/"]}]},{"@type":"BreadcrumbList","@id":"https:\/\/smashertraining.com\/postnataltraining\/#breadcrumb","itemListElement":[{"@type":"ListItem","position":1,"name":"Home","item":"https:\/\/smashertraining.com\/"},{"@type":"ListItem","position":2,"name":"Sz\u00fcl\u00e9s ut\u00e1ni er\u0151s\u00edt\u00e9s"}]},{"@type":"WebSite","@id":"https:\/\/smashertraining.com\/#website","url":"https:\/\/smashertraining.com\/","name":"SMASHER TRAINING SYSTEMS","description":"Personal Trainer Budapest","potentialAction":[{"@type":"SearchAction","target":{"@type":"EntryPoint","urlTemplate":"https:\/\/smashertraining.com\/?s={search_term_string}"},"query-input":{"@type":"PropertyValueSpecification","valueRequired":true,"valueName":"search_term_string"}}],"inLanguage":"hu"}]}},"jetpack_sharing_enabled":true,"jetpack_shortlink":"https:\/\/wp.me\/Pa7t9V-Ih","_links":{"self":[{"href":"https:\/\/smashertraining.com\/hu\/wp-json\/wp\/v2\/pages\/2745"}],"collection":[{"href":"https:\/\/smashertraining.com\/hu\/wp-json\/wp\/v2\/pages"}],"about":[{"href":"https:\/\/smashertraining.com\/hu\/wp-json\/wp\/v2\/types\/page"}],"author":[{"embeddable":true,"href":"https:\/\/smashertraining.com\/hu\/wp-json\/wp\/v2\/users\/1"}],"replies":[{"embeddable":true,"href":"https:\/\/smashertraining.com\/hu\/wp-json\/wp\/v2\/comments?post=2745"}],"version-history":[{"count":9,"href":"https:\/\/smashertraining.com\/hu\/wp-json\/wp\/v2\/pages\/2745\/revisions"}],"predecessor-version":[{"id":2832,"href":"https:\/\/smashertraining.com\/hu\/wp-json\/wp\/v2\/pages\/2745\/revisions\/2832"}],"wp:attachment":[{"href":"https:\/\/smashertraining.com\/hu\/wp-json\/wp\/v2\/media?parent=2745"}],"curies":[{"name":"wp","href":"https:\/\/api.w.org\/{rel}","templated":true}]}}