{"id":2992,"date":"2024-08-10T16:06:49","date_gmt":"2024-08-10T16:06:49","guid":{"rendered":"http:\/\/smashertraining.com\/?page_id=2992"},"modified":"2024-08-11T18:24:23","modified_gmt":"2024-08-11T18:24:23","slug":"karrier","status":"publish","type":"page","link":"https:\/\/smashertraining.com\/hu\/karrier\/","title":{"rendered":"Dolgozz vel\u00fcnk!"},"content":{"rendered":"<p>[et_pb_section fb_built=&#8221;1&#8243; fullwidth=&#8221;on&#8221; _builder_version=&#8221;3.22&#8243; background_color=&#8221;#007ae1&#8243; transparent_background=&#8221;off&#8221;][et_pb_fullwidth_header title=&#8221;\u00c1ll\u00e1s&#8221; subhead=&#8221;Dolgozz vel\u00fcnk! &#8221; content_max_width=&#8221;none&#8221; admin_label=&#8221;Fullwidth Header&#8221; _builder_version=&#8221;4.0.11&#8243; background_color=&#8221;rgba(255,255,255,0)&#8221; min_height=&#8221;115.8px&#8221; custom_padding=&#8221;||28px|||&#8221; button_one_text_size__hover_enabled=&#8221;off&#8221; button_two_text_size__hover_enabled=&#8221;off&#8221; button_one_text_color__hover_enabled=&#8221;off&#8221; button_two_text_color__hover_enabled=&#8221;off&#8221; button_one_border_width__hover_enabled=&#8221;off&#8221; button_two_border_width__hover_enabled=&#8221;off&#8221; button_one_border_color__hover_enabled=&#8221;off&#8221; button_two_border_color__hover_enabled=&#8221;off&#8221; button_one_border_radius__hover_enabled=&#8221;off&#8221; button_two_border_radius__hover_enabled=&#8221;off&#8221; button_one_letter_spacing__hover_enabled=&#8221;off&#8221; button_two_letter_spacing__hover_enabled=&#8221;off&#8221; button_one_bg_color__hover_enabled=&#8221;off&#8221; button_two_bg_color__hover_enabled=&#8221;off&#8221;][\/et_pb_fullwidth_header][\/et_pb_section][et_pb_section fb_built=&#8221;1&#8243; specialty=&#8221;on&#8221; _builder_version=&#8221;4.0.11&#8243; min_height=&#8221;218.3px&#8221; custom_padding=&#8221;0px||0px|||&#8221;][et_pb_column type=&#8221;1_2&#8243; _builder_version=&#8221;3.25&#8243; custom_padding=&#8221;|||&#8221; custom_padding__hover=&#8221;|||&#8221;][\/et_pb_column][et_pb_column type=&#8221;1_2&#8243; specialty_columns=&#8221;2&#8243; _builder_version=&#8221;3.25&#8243; custom_padding=&#8221;|||&#8221; custom_padding__hover=&#8221;|||&#8221;][et_pb_row_inner _builder_version=&#8221;4.0.11&#8243; custom_padding=&#8221;||8px|||&#8221;][et_pb_column_inner saved_specialty_column_type=&#8221;1_2&#8243; _builder_version=&#8221;4.0.11&#8243;][et_pb_text _builder_version=&#8221;4.0.11&#8243;]<\/p>\n<p>Hissz\u00fck, hogy a sporttudom\u00e1ny alkalmaz\u00e1sa \u00e9s kiv\u00e9teles edz\u0151ink a SMASHER TRAINING siker\u00e9nek hajt\u00f3ereje. Folyamatosan keress\u00fck a dinamikus \u00e9s magasan k\u00e9pzett edz\u0151ket, akik csatlakozn\u00e1nak csapatunkhoz.<\/p>\n<p>[\/et_pb_text][\/et_pb_column_inner][\/et_pb_row_inner][\/et_pb_column][\/et_pb_section][et_pb_section fb_built=&#8221;1&#8243; _builder_version=&#8221;4.0.11&#8243; custom_padding=&#8221;2px||1px|||&#8221;][et_pb_row _builder_version=&#8221;4.0.11&#8243; width=&#8221;85.5%&#8221; custom_margin=&#8221;1px|153px||auto||&#8221; custom_padding=&#8221;|||51px||&#8221; box_shadow_style=&#8221;preset1&#8243;][et_pb_column type=&#8221;4_4&#8243; _builder_version=&#8221;4.0.11&#8243;][et_pb_text _builder_version=&#8221;4.0.11&#8243; custom_margin=&#8221;-2px|24px||||&#8221; custom_padding=&#8221;0px|49px||||&#8221;]<\/p>\n<p>&nbsp;<\/p>\n<p><strong>Jelenleg el\u00e9rhet\u0151 poz\u00edci\u00f3k:<\/strong><\/p>\n<h3><strong>Seg\u00e9dedz\u0151<\/strong><\/h3>\n<p>Minimum k\u00f6vetelm\u00e9nyek:<\/p>\n<ul>\n<li>folyamatban l\u00e9v\u0151 tanulm\u00e1nyok\/befejezett sporttudom\u00e1nyhoz kapcsol\u00f3d\u00f3 v\u00e9gzetts\u00e9g (pl. szem\u00e9lyi edz\u00e9s, gy\u00f3gytorna, hum\u00e1nkineziol\u00f3gia stb.),<\/li>\n<li>magas szint\u0171 angol nyelvtud\u00e1s (\u00f3ratart\u00e1s),<\/li>\n<li>bar\u00e1ts\u00e1gos, megb\u00edzhat\u00f3 \u00e9s \u00fcgyf\u00e9lk\u00f6zpont\u00fa szem\u00e9lyis\u00e9g<\/li>\n<\/ul>\n<h3><strong>Edz\u0151<\/strong><\/h3>\n<p>Dolgozz vel\u00fcnk, ha:<\/p>\n<ul>\n<li>rendelkezel sporttudom\u00e1nyhoz kapcsol\u00f3d\u00f3 v\u00e9gzetts\u00e9ggel (pl. szem\u00e9lyi edz\u0151, sportteljes\u00edtm\u00e9ny-szak\u00e9rt\u0151, pre-\/rehabilit\u00e1ci\u00f3s edz\u0151, gy\u00f3gytorn\u00e1sz)<\/li>\n<li>\u00fcgyf\u00e9lk\u00f6zpont\u00fa \u00e9s bar\u00e1ts\u00e1gos, nyitott szem\u00e9lyis\u00e9g vagy,<\/li>\n<li>folyamatosan k\u00e9pzed magad \u00e9s a legjobb tud\u00e1sod szerint t\u00e1mogatod vend\u00e9geid,<\/li>\n<li>m\u00e1r megl\u00e9v\u0151 vend\u00e9gk\u00f6r\u00f6d van, vagy most \u00e9p\u00edted ki.\u00a0<\/li>\n<\/ul>\n<p>Ez egy \u00e9letre sz\u00f3l\u00f3 karrierlehet\u0151s\u00e9g. Dolgozz vel\u00fcnk, r\u00e9szes\u00fclj brand t\u00e1mogat\u00e1sunkban, \u00e9s eddz \u00fcgyfeleidet Budapest sz\u00edv\u00e9ben, egy csod\u00e1s sportl\u00e9tes\u00edtm\u00e9nyben a Margitszigeten, amelyhez egy 400 m\u00e9teres atl\u00e9tikai p\u00e1lya is tartozik.<\/p>\n<div class=\"et_pb_column ui-sortable et-animated--vb et_pb_column_4_4 et_pb_column_2 et-first-child et-last-child et_pb_with_border\" style=\"background-size: cover; background-repeat: no-repeat; background-color: #ffffff; font-size: 16px; width: 1080px;\" data-address=\"2.0.0\">\n<div class=\"et_fb_editing_enabled et_pb_text et_pb_module ui-sortable et_pb_text_0 et-animated--vb et_pb_text_align_left et_pb_bg_layout_light et-first-child et-last-child\" style=\"background-size: cover; background-repeat: no-repeat; font-size: 16px;\" data-address=\"2.0.0.0\">\n<div class=\"et_pb_text_inner\" style=\"font-size: 16px;\">\n<div class=\"et-fb-popover-tinymce\" style=\"font-size: 16px;\" data-shortcode-id=\"2.0.0.0-1722852090783\" data-quickaccess-editable=\"yes\">\n<div class=\"mce-content-body\" style=\"font-size: 16px; position: relative;\"><\/div>\n<\/div>\n<\/div>\n<\/div>\n<\/div>\n<p>&nbsp;<\/p>\n<p>[\/et_pb_text][\/et_pb_column][\/et_pb_row][\/et_pb_section][et_pb_section fb_built=&#8221;1&#8243; _builder_version=&#8221;4.0.11&#8243; custom_padding=&#8221;0px|||||&#8221;][et_pb_row _builder_version=&#8221;4.0.11&#8243;][et_pb_column type=&#8221;4_4&#8243; _builder_version=&#8221;4.0.11&#8243;][et_pb_text _builder_version=&#8221;4.0.11&#8243;]<\/p>\n<p><strong>A jelentkez\u00e9shez k\u00fcldd el adataidat az al\u00e1bbi \u0171rlapon!\u00a0<\/strong><\/p>\n<p>[\/et_pb_text][\/et_pb_column][\/et_pb_row][et_pb_row _builder_version=&#8221;4.0.11&#8243;][et_pb_column type=&#8221;4_4&#8243; _builder_version=&#8221;4.0.11&#8243;][et_pb_code _builder_version=&#8221;4.0.11&#8243;]<\/p>\n<div id=\"mmform300906\" class=\"mmform\" style=\"position: relative; padding-bottom: 300px; height: 0; overflow: hidden; max-width: 420px;\"><\/div>\n<p><!-- [et_pb_line_break_holder] --><script type=\"text\/javascript\"><!-- [et_pb_line_break_holder] -->var uniqueId = 3009061723308855397,<!-- [et_pb_line_break_holder] -->\tlistId = 151984,<!-- [et_pb_line_break_holder] -->\tformId = 300906,<!-- [et_pb_line_break_holder] -->\tiwidth=015,<!-- [et_pb_line_break_holder] -->\tmmDomain='salesautopilot.s3.amazonaws.com',<!-- [et_pb_line_break_holder] -->\tsecondMMDomain='sw.marketingszoftverek.hu',<!-- [et_pb_line_break_holder] -->\tspancont=false,<!-- [et_pb_line_break_holder] -->\tsecure='https:' == (document.location.protocol)?true:false;<!-- [et_pb_line_break_holder] --><\/script><!-- [et_pb_line_break_holder] --><script type=\"text\/javascript\" src=\"https:\/\/d1ursyhqs5x9h1.cloudfront.net\/sw\/scripts\/mm-embed-iframe-1.17.min.js\"><\/script>[\/et_pb_code][\/et_pb_column][\/et_pb_row][\/et_pb_section]<\/p>\n","protected":false},"excerpt":{"rendered":"<p>[et_pb_section fb_built=&#8221;1&#8243; fullwidth=&#8221;on&#8221; _builder_version=&#8221;3.22&#8243; background_color=&#8221;#007ae1&#8243; transparent_background=&#8221;off&#8221;][et_pb_fullwidth_header title=&#8221;\u00c1ll\u00e1s&#8221; subhead=&#8221;Dolgozz vel\u00fcnk! &#8221; content_max_width=&#8221;none&#8221; admin_label=&#8221;Fullwidth Header&#8221; _builder_version=&#8221;4.0.11&#8243; background_color=&#8221;rgba(255,255,255,0)&#8221; min_height=&#8221;115.8px&#8221; custom_padding=&#8221;||28px|||&#8221; button_one_text_size__hover_enabled=&#8221;off&#8221; button_two_text_size__hover_enabled=&#8221;off&#8221; button_one_text_color__hover_enabled=&#8221;off&#8221; button_two_text_color__hover_enabled=&#8221;off&#8221; button_one_border_width__hover_enabled=&#8221;off&#8221; button_two_border_width__hover_enabled=&#8221;off&#8221; button_one_border_color__hover_enabled=&#8221;off&#8221; button_two_border_color__hover_enabled=&#8221;off&#8221; button_one_border_radius__hover_enabled=&#8221;off&#8221; button_two_border_radius__hover_enabled=&#8221;off&#8221; button_one_letter_spacing__hover_enabled=&#8221;off&#8221; button_two_letter_spacing__hover_enabled=&#8221;off&#8221; button_one_bg_color__hover_enabled=&#8221;off&#8221; button_two_bg_color__hover_enabled=&#8221;off&#8221;][\/et_pb_fullwidth_header][\/et_pb_section][et_pb_section fb_built=&#8221;1&#8243; specialty=&#8221;on&#8221; _builder_version=&#8221;4.0.11&#8243; min_height=&#8221;218.3px&#8221; custom_padding=&#8221;0px||0px|||&#8221;][et_pb_column type=&#8221;1_2&#8243; _builder_version=&#8221;3.25&#8243; custom_padding=&#8221;|||&#8221; custom_padding__hover=&#8221;|||&#8221;][\/et_pb_column][et_pb_column type=&#8221;1_2&#8243; specialty_columns=&#8221;2&#8243; _builder_version=&#8221;3.25&#8243; custom_padding=&#8221;|||&#8221; custom_padding__hover=&#8221;|||&#8221;][et_pb_row_inner _builder_version=&#8221;4.0.11&#8243; custom_padding=&#8221;||8px|||&#8221;][et_pb_column_inner saved_specialty_column_type=&#8221;1_2&#8243; _builder_version=&#8221;4.0.11&#8243;][et_pb_text _builder_version=&#8221;4.0.11&#8243;] Hissz\u00fck, hogy a sporttudom\u00e1ny alkalmaz\u00e1sa [&hellip;]<\/p>\n","protected":false},"author":1,"featured_media":0,"parent":0,"menu_order":0,"comment_status":"closed","ping_status":"closed","template":"","meta":{"_et_pb_use_builder":"on","_et_pb_old_content":"","jetpack_post_was_ever_published":false,"footnotes":""},"class_list":["post-2992","page","type-page","status-publish","hentry"],"yoast_head":"<!-- This site is optimized with the Yoast SEO plugin v23.5 - https:\/\/yoast.com\/wordpress\/plugins\/seo\/ -->\n<title>Dolgozz vel\u00fcnk! - SMASHER TRAINING SYSTEMS<\/title>\n<meta name=\"description\" content=\"Folyamatosan keress\u00fck \u00faj csapattagjainkat! R\u00e9szid\u0151s seg\u00e9dedz\u0151 \u00e9s tapasztalt, vend\u00e9gk\u00f6rrel rendelkez\u0151 edz\u0151k jelentkez\u00e9s\u00e9t is v\u00e1rjuk egy\u00fcttm\u0171k\u00f6d\u00e9sre!\" \/>\n<meta name=\"robots\" content=\"index, follow, max-snippet:-1, max-image-preview:large, max-video-preview:-1\" \/>\n<link rel=\"canonical\" href=\"https:\/\/smashertraining.com\/careers\/\" \/>\n<meta property=\"og:locale\" content=\"hu_HU\" \/>\n<meta property=\"og:type\" content=\"article\" \/>\n<meta property=\"og:title\" content=\"Dolgozz vel\u00fcnk! - SMASHER TRAINING SYSTEMS\" \/>\n<meta property=\"og:description\" content=\"Folyamatosan keress\u00fck \u00faj csapattagjainkat! R\u00e9szid\u0151s seg\u00e9dedz\u0151 \u00e9s tapasztalt, vend\u00e9gk\u00f6rrel rendelkez\u0151 edz\u0151k jelentkez\u00e9s\u00e9t is v\u00e1rjuk egy\u00fcttm\u0171k\u00f6d\u00e9sre!\" \/>\n<meta property=\"og:url\" content=\"https:\/\/smashertraining.com\/careers\/\" \/>\n<meta property=\"og:site_name\" content=\"SMASHER TRAINING SYSTEMS\" \/>\n<meta property=\"article:modified_time\" content=\"2024-08-11T18:24:23+00:00\" \/>\n<meta name=\"twitter:label1\" content=\"Becs\u00fclt olvas\u00e1si id\u0151\" \/>\n\t<meta name=\"twitter:data1\" content=\"3 perc\" \/>\n<script type=\"application\/ld+json\" class=\"yoast-schema-graph\">{\"@context\":\"https:\/\/schema.org\",\"@graph\":[{\"@type\":\"WebPage\",\"@id\":\"https:\/\/smashertraining.com\/careers\/\",\"url\":\"https:\/\/smashertraining.com\/careers\/\",\"name\":\"Dolgozz vel\u00fcnk! - SMASHER TRAINING SYSTEMS\",\"isPartOf\":{\"@id\":\"https:\/\/smashertraining.com\/#website\"},\"datePublished\":\"2024-08-10T16:06:49+00:00\",\"dateModified\":\"2024-08-11T18:24:23+00:00\",\"description\":\"Folyamatosan keress\u00fck \u00faj csapattagjainkat! R\u00e9szid\u0151s seg\u00e9dedz\u0151 \u00e9s tapasztalt, vend\u00e9gk\u00f6rrel rendelkez\u0151 edz\u0151k jelentkez\u00e9s\u00e9t is v\u00e1rjuk egy\u00fcttm\u0171k\u00f6d\u00e9sre!\",\"breadcrumb\":{\"@id\":\"https:\/\/smashertraining.com\/careers\/#breadcrumb\"},\"inLanguage\":\"hu\",\"potentialAction\":[{\"@type\":\"ReadAction\",\"target\":[\"https:\/\/smashertraining.com\/careers\/\"]}]},{\"@type\":\"BreadcrumbList\",\"@id\":\"https:\/\/smashertraining.com\/careers\/#breadcrumb\",\"itemListElement\":[{\"@type\":\"ListItem\",\"position\":1,\"name\":\"Home\",\"item\":\"https:\/\/smashertraining.com\/\"},{\"@type\":\"ListItem\",\"position\":2,\"name\":\"Dolgozz vel\u00fcnk!\"}]},{\"@type\":\"WebSite\",\"@id\":\"https:\/\/smashertraining.com\/#website\",\"url\":\"https:\/\/smashertraining.com\/\",\"name\":\"SMASHER TRAINING SYSTEMS\",\"description\":\"Personal Trainer Budapest\",\"potentialAction\":[{\"@type\":\"SearchAction\",\"target\":{\"@type\":\"EntryPoint\",\"urlTemplate\":\"https:\/\/smashertraining.com\/?s={search_term_string}\"},\"query-input\":{\"@type\":\"PropertyValueSpecification\",\"valueRequired\":true,\"valueName\":\"search_term_string\"}}],\"inLanguage\":\"hu\"}]}<\/script>\n<!-- \/ Yoast SEO plugin. -->","yoast_head_json":{"title":"Dolgozz vel\u00fcnk! - SMASHER TRAINING SYSTEMS","description":"Folyamatosan keress\u00fck \u00faj csapattagjainkat! R\u00e9szid\u0151s seg\u00e9dedz\u0151 \u00e9s tapasztalt, vend\u00e9gk\u00f6rrel rendelkez\u0151 edz\u0151k jelentkez\u00e9s\u00e9t is v\u00e1rjuk egy\u00fcttm\u0171k\u00f6d\u00e9sre!","robots":{"index":"index","follow":"follow","max-snippet":"max-snippet:-1","max-image-preview":"max-image-preview:large","max-video-preview":"max-video-preview:-1"},"canonical":"https:\/\/smashertraining.com\/careers\/","og_locale":"hu_HU","og_type":"article","og_title":"Dolgozz vel\u00fcnk! - SMASHER TRAINING SYSTEMS","og_description":"Folyamatosan keress\u00fck \u00faj csapattagjainkat! R\u00e9szid\u0151s seg\u00e9dedz\u0151 \u00e9s tapasztalt, vend\u00e9gk\u00f6rrel rendelkez\u0151 edz\u0151k jelentkez\u00e9s\u00e9t is v\u00e1rjuk egy\u00fcttm\u0171k\u00f6d\u00e9sre!","og_url":"https:\/\/smashertraining.com\/careers\/","og_site_name":"SMASHER TRAINING SYSTEMS","article_modified_time":"2024-08-11T18:24:23+00:00","twitter_misc":{"Becs\u00fclt olvas\u00e1si id\u0151":"3 perc"},"schema":{"@context":"https:\/\/schema.org","@graph":[{"@type":"WebPage","@id":"https:\/\/smashertraining.com\/careers\/","url":"https:\/\/smashertraining.com\/careers\/","name":"Dolgozz vel\u00fcnk! - SMASHER TRAINING SYSTEMS","isPartOf":{"@id":"https:\/\/smashertraining.com\/#website"},"datePublished":"2024-08-10T16:06:49+00:00","dateModified":"2024-08-11T18:24:23+00:00","description":"Folyamatosan keress\u00fck \u00faj csapattagjainkat! R\u00e9szid\u0151s seg\u00e9dedz\u0151 \u00e9s tapasztalt, vend\u00e9gk\u00f6rrel rendelkez\u0151 edz\u0151k jelentkez\u00e9s\u00e9t is v\u00e1rjuk egy\u00fcttm\u0171k\u00f6d\u00e9sre!","breadcrumb":{"@id":"https:\/\/smashertraining.com\/careers\/#breadcrumb"},"inLanguage":"hu","potentialAction":[{"@type":"ReadAction","target":["https:\/\/smashertraining.com\/careers\/"]}]},{"@type":"BreadcrumbList","@id":"https:\/\/smashertraining.com\/careers\/#breadcrumb","itemListElement":[{"@type":"ListItem","position":1,"name":"Home","item":"https:\/\/smashertraining.com\/"},{"@type":"ListItem","position":2,"name":"Dolgozz vel\u00fcnk!"}]},{"@type":"WebSite","@id":"https:\/\/smashertraining.com\/#website","url":"https:\/\/smashertraining.com\/","name":"SMASHER TRAINING SYSTEMS","description":"Personal Trainer Budapest","potentialAction":[{"@type":"SearchAction","target":{"@type":"EntryPoint","urlTemplate":"https:\/\/smashertraining.com\/?s={search_term_string}"},"query-input":{"@type":"PropertyValueSpecification","valueRequired":true,"valueName":"search_term_string"}}],"inLanguage":"hu"}]}},"jetpack_sharing_enabled":true,"jetpack_shortlink":"https:\/\/wp.me\/Pa7t9V-Mg","_links":{"self":[{"href":"https:\/\/smashertraining.com\/hu\/wp-json\/wp\/v2\/pages\/2992"}],"collection":[{"href":"https:\/\/smashertraining.com\/hu\/wp-json\/wp\/v2\/pages"}],"about":[{"href":"https:\/\/smashertraining.com\/hu\/wp-json\/wp\/v2\/types\/page"}],"author":[{"embeddable":true,"href":"https:\/\/smashertraining.com\/hu\/wp-json\/wp\/v2\/users\/1"}],"replies":[{"embeddable":true,"href":"https:\/\/smashertraining.com\/hu\/wp-json\/wp\/v2\/comments?post=2992"}],"version-history":[{"count":3,"href":"https:\/\/smashertraining.com\/hu\/wp-json\/wp\/v2\/pages\/2992\/revisions"}],"predecessor-version":[{"id":3000,"href":"https:\/\/smashertraining.com\/hu\/wp-json\/wp\/v2\/pages\/2992\/revisions\/3000"}],"wp:attachment":[{"href":"https:\/\/smashertraining.com\/hu\/wp-json\/wp\/v2\/media?parent=2992"}],"curies":[{"name":"wp","href":"https:\/\/api.w.org\/{rel}","templated":true}]}}