{"id":564,"date":"2015-12-22T13:03:42","date_gmt":"2015-12-22T13:03:42","guid":{"rendered":"http:\/\/smashertraining.com\/?page_id=564"},"modified":"2026-02-04T20:12:26","modified_gmt":"2026-02-04T20:12:26","slug":"arak","status":"publish","type":"page","link":"https:\/\/smashertraining.com\/hu\/arak\/","title":{"rendered":"\u00c1RAK"},"content":{"rendered":"<p>[et_pb_section fb_built=&#8221;1&#8243; admin_label=&#8221;section&#8221; _builder_version=&#8221;3.22&#8243; custom_padding=&#8221;0px||3px|||&#8221;][et_pb_row column_structure=&#8221;2_5,3_5&#8243; _builder_version=&#8221;4.0.11&#8243; locked=&#8221;off&#8221; custom_padding=&#8221;||0px|||&#8221;][et_pb_column type=&#8221;2_5&#8243; _builder_version=&#8221;4.0.11&#8243;][et_pb_image src=&#8221;http:\/\/smashertraining.com\/wp-content\/uploads\/2020\/05\/41.png&#8221; _builder_version=&#8221;4.0.11&#8243;][\/et_pb_image][\/et_pb_column][et_pb_column type=&#8221;3_5&#8243; _builder_version=&#8221;4.0.11&#8243;][et_pb_text _builder_version=&#8221;4.0.11&#8243;]<\/p>\n<p><span style=\"font-size: 16px;\">SMASHER Szolg\u00e1ltat\u00e1sok<\/span><\/p>\n<p><span style=\"font-size: 16px;\">Edz\u0151term\u00fcnkben bankk\u00e1rty\u00e1val, k\u00e9szp\u00e9nzben tudsz fizetni vagy banki \u00e1tutal\u00e1ssal, amelyhez adatainkat a l\u00e1bl\u00e9cben tal\u00e1lod, k\u00e9rj\u00fck kommentbe az email c\u00edmed \u00e9s lakc\u00edmed \u00edrd.\u00a0\u00a0<\/span><\/p>\n<p>Edz\u00e9seink 55 percesek.\u00a0<span style=\"font-size: 16px;\"><\/span><\/p>\n<p><span style=\"font-size: 16px;\">K\u00e9rd\u00e9s eset\u00e9n keress minket b\u00e1tran, s<\/span><span style=\"font-size: 16px;\">zolg\u00e1ltat\u00e1sainkb\u00f3l szem\u00e9lyre szabott egy\u00e9b \u00f6ssze\u00e1ll\u00edt\u00e1sok is k\u00e9rhet\u0151ek el\u00e9rhet\u0151s\u00e9geinken.\u00a0<\/span><\/p>\n<p>[\/et_pb_text][\/et_pb_column][\/et_pb_row][et_pb_row _builder_version=&#8221;4.0.11&#8243;][et_pb_column _builder_version=&#8221;4.0.11&#8243; type=&#8221;4_4&#8243;][et_pb_image src=&#8221;https:\/\/smashertraining.com\/wp-content\/uploads\/2026\/02\/pricelist2026.png&#8221; _builder_version=&#8221;4.0.11&#8243; hover_enabled=&#8221;0&#8243;][\/et_pb_image][\/et_pb_column][\/et_pb_row][et_pb_row _builder_version=&#8221;4.0.11&#8243;][et_pb_column type=&#8221;4_4&#8243; _builder_version=&#8221;4.0.11&#8243;][et_pb_text _builder_version=&#8221;4.0.11&#8243; custom_padding=&#8221;||21px|||&#8221;]<\/p>\n<p>BEL\u00c9P\u00c9S a MARGITSZIGETI ATL\u00c9TIKAI CENTRUMBA\u00a0<\/p>\n<p>Szem\u00e9lyes szolg\u00e1ltat\u00e1saink eset\u00e9ben bel\u00e9p\u00e9si d\u00edj fizetend\u0151 a Centrum recepci\u00f3j\u00e1n.\u00a0\u00a0<span style=\"font-size: 16px;\">SMASHER vend\u00e9geknek kedvezm\u00e9nyes alkalmi bel\u00e9p\u0151. <\/span><span style=\"font-size: 16px;\">A bel\u00e9p\u0151d\u00edj tartalmazza az atl\u00e9tikap\u00e1lya, illetve asztalitenisz haszn\u00e1lat\u00e1t, amelyekhez a recepci\u00f3n k\u00e9rhet\u0151 megannyi sportszer. Fizet\u00e9s: k\u00e9szp\u00e9nz \u00e9s k\u00e1rty\u00e1val\u00a0<\/span><span style=\"font-size: 16px;\">8-20 \u00f3ra k\u00f6z\u00f6tt. 8:00 \u00f3ra el\u0151tt el\u0151re v\u00e1ltott b\u00e9rlettel vagy k\u00e9szp\u00e9nzes fizet\u00e9ssel alkalmi jeggyel lehet bej\u00f6nni. AYCM Move k\u00e1rty\u00e1t is haszn\u00e1lhatsz a bel\u00e9p\u00e9shez! T\u00f6bb info<a href=\"https:\/\/www.margitsziget.com\/hu\/jegyarak\"> ITT<\/a>\u00a0<\/span><\/p>\n<p>[\/et_pb_text][\/et_pb_column][\/et_pb_row][\/et_pb_section][et_pb_section fb_built=&#8221;1&#8243; _builder_version=&#8221;4.0.11&#8243; custom_padding=&#8221;0px|0px||||&#8221; min_height=&#8221;461.7px&#8221; custom_margin=&#8221;13px|||||&#8221;][et_pb_row column_structure=&#8221;1_2,1_2&#8243; _builder_version=&#8221;4.0.11&#8243;][et_pb_column type=&#8221;1_2&#8243; _builder_version=&#8221;4.0.11&#8243;][et_pb_text _builder_version=&#8221;3.27.4&#8243; background_size=&#8221;initial&#8221; background_position=&#8221;top_left&#8221; background_repeat=&#8221;repeat&#8221; custom_margin=&#8221;-42px|||||&#8221; border_color_all=&#8221;#ffffff&#8221; use_border_color=&#8221;off&#8221; border_color=&#8221;#ffffff&#8221; border_style=&#8221;solid&#8221;]<\/p>\n<p><span style=\"font-size: 14px;\">Kiz\u00e1r\u00f3lag az edz\u00e9s szolg\u00e1ltat\u00e1saink eset\u00e9ben ELFOGADUNK:<\/span><\/p>\n<p>OTP Sz\u00e9p K\u00e1rty\u00e1t &#8211; rekre\u00e1ci\u00f3s alsz\u00e1mla\u00a0<\/p>\n<p>Hogyan tudsz vele fizetni?\u00a0<\/p>\n<p>1. L\u00e9pj be a szem\u00e9lyes OTP Sz\u00e9p port\u00e1lodra.\u00a0<\/p>\n<p>2. Kattints az el\u0151leg fizet\u00e9sre \u00e9s k\u00fcldd az \u00f6sszeget a SMASHER Training Systems r\u00e9sz\u00e9re\u00a0<\/p>\n<p>3. K\u00fcldj nek\u00fcnk \u00fczenetet a fizetett \u00f6sszeggel \u00e9s c\u00edmeddel, hogy ki\u00e1ll\u00edthassuk a sz\u00e1ml\u00e1t.\u00a0<\/p>\n<p>4. Gyere el \u00e9s \u00e9lvezd szolg\u00e1ltat\u00e1sunkat!\u00a0<\/p>\n<p><span style=\"font-size: 16px;\">\u00a0<\/span><\/p>\n<p>[\/et_pb_text][et_pb_image _builder_version=&#8221;4.0.11&#8243;][\/et_pb_image][\/et_pb_column][et_pb_column type=&#8221;1_2&#8243; _builder_version=&#8221;4.0.11&#8243;][et_pb_image src=&#8221;http:\/\/smashertraining.com\/wp-content\/uploads\/2023\/02\/otpszepkartya.jpg&#8221; _builder_version=&#8221;4.0.11&#8243;][\/et_pb_image][\/et_pb_column][\/et_pb_row][\/et_pb_section]<\/p>\n","protected":false},"excerpt":{"rendered":"<p>[et_pb_section fb_built=&#8221;1&#8243; admin_label=&#8221;section&#8221; _builder_version=&#8221;3.22&#8243; custom_padding=&#8221;0px||3px|||&#8221;][et_pb_row column_structure=&#8221;2_5,3_5&#8243; _builder_version=&#8221;4.0.11&#8243; locked=&#8221;off&#8221; custom_padding=&#8221;||0px|||&#8221;][et_pb_column type=&#8221;2_5&#8243; _builder_version=&#8221;4.0.11&#8243;][et_pb_image src=&#8221;http:\/\/smashertraining.com\/wp-content\/uploads\/2020\/05\/41.png&#8221; _builder_version=&#8221;4.0.11&#8243;][\/et_pb_image][\/et_pb_column][et_pb_column type=&#8221;3_5&#8243; _builder_version=&#8221;4.0.11&#8243;][et_pb_text _builder_version=&#8221;4.0.11&#8243;] SMASHER Szolg\u00e1ltat\u00e1sok Edz\u0151term\u00fcnkben bankk\u00e1rty\u00e1val, k\u00e9szp\u00e9nzben tudsz fizetni vagy banki \u00e1tutal\u00e1ssal, amelyhez adatainkat a l\u00e1bl\u00e9cben tal\u00e1lod, k\u00e9rj\u00fck kommentbe az email c\u00edmed \u00e9s lakc\u00edmed \u00edrd.\u00a0\u00a0 Edz\u00e9seink 55 percesek.\u00a0 K\u00e9rd\u00e9s eset\u00e9n keress minket b\u00e1tran, szolg\u00e1ltat\u00e1sainkb\u00f3l szem\u00e9lyre szabott egy\u00e9b \u00f6ssze\u00e1ll\u00edt\u00e1sok is k\u00e9rhet\u0151ek el\u00e9rhet\u0151s\u00e9geinken.\u00a0 [&hellip;]<\/p>\n","protected":false},"author":1,"featured_media":0,"parent":0,"menu_order":0,"comment_status":"closed","ping_status":"closed","template":"","meta":{"_et_pb_use_builder":"on","_et_pb_old_content":"","jetpack_post_was_ever_published":false,"footnotes":""},"class_list":["post-564","page","type-page","status-publish","hentry"],"yoast_head":"<!-- This site is optimized with the Yoast SEO plugin v23.5 - https:\/\/yoast.com\/wordpress\/plugins\/seo\/ -->\n<title>SMASHER Training pricelist for personal, group trainings and nutritional<\/title>\n<meta name=\"description\" content=\"@ SMASHER we offer a wide range of services: personal and group trainings, restorative yoga classes, pole fitness, nutritional consultations\" \/>\n<meta name=\"robots\" content=\"index, follow, max-snippet:-1, max-image-preview:large, max-video-preview:-1\" \/>\n<link rel=\"canonical\" href=\"https:\/\/smashertraining.com\/hu\/arak\/\" \/>\n<meta property=\"og:locale\" content=\"hu_HU\" \/>\n<meta property=\"og:type\" content=\"article\" \/>\n<meta property=\"og:title\" content=\"SMASHER Training pricelist for personal, group trainings and nutritional\" \/>\n<meta property=\"og:description\" content=\"@ SMASHER we offer a wide range of services: personal and group trainings, restorative yoga classes, pole fitness, nutritional consultations\" \/>\n<meta property=\"og:url\" content=\"https:\/\/smashertraining.com\/hu\/arak\/\" \/>\n<meta property=\"og:site_name\" content=\"SMASHER TRAINING SYSTEMS\" \/>\n<meta property=\"article:modified_time\" content=\"2026-02-04T20:12:26+00:00\" \/>\n<meta name=\"twitter:label1\" content=\"Becs\u00fclt olvas\u00e1si id\u0151\" \/>\n\t<meta name=\"twitter:data1\" content=\"3 perc\" \/>\n<script type=\"application\/ld+json\" class=\"yoast-schema-graph\">{\"@context\":\"https:\/\/schema.org\",\"@graph\":[{\"@type\":\"WebPage\",\"@id\":\"https:\/\/smashertraining.com\/hu\/arak\/\",\"url\":\"https:\/\/smashertraining.com\/hu\/arak\/\",\"name\":\"SMASHER Training pricelist for personal, group trainings and nutritional\",\"isPartOf\":{\"@id\":\"https:\/\/smashertraining.com\/#website\"},\"datePublished\":\"2015-12-22T13:03:42+00:00\",\"dateModified\":\"2026-02-04T20:12:26+00:00\",\"description\":\"@ SMASHER we offer a wide range of services: personal and group trainings, restorative yoga classes, pole fitness, nutritional consultations\",\"breadcrumb\":{\"@id\":\"https:\/\/smashertraining.com\/hu\/arak\/#breadcrumb\"},\"inLanguage\":\"hu\",\"potentialAction\":[{\"@type\":\"ReadAction\",\"target\":[\"https:\/\/smashertraining.com\/hu\/arak\/\"]}]},{\"@type\":\"BreadcrumbList\",\"@id\":\"https:\/\/smashertraining.com\/hu\/arak\/#breadcrumb\",\"itemListElement\":[{\"@type\":\"ListItem\",\"position\":1,\"name\":\"Home\",\"item\":\"https:\/\/smashertraining.com\/\"},{\"@type\":\"ListItem\",\"position\":2,\"name\":\"\u00c1RAK\"}]},{\"@type\":\"WebSite\",\"@id\":\"https:\/\/smashertraining.com\/#website\",\"url\":\"https:\/\/smashertraining.com\/\",\"name\":\"SMASHER TRAINING SYSTEMS\",\"description\":\"Personal Trainer Budapest\",\"potentialAction\":[{\"@type\":\"SearchAction\",\"target\":{\"@type\":\"EntryPoint\",\"urlTemplate\":\"https:\/\/smashertraining.com\/?s={search_term_string}\"},\"query-input\":{\"@type\":\"PropertyValueSpecification\",\"valueRequired\":true,\"valueName\":\"search_term_string\"}}],\"inLanguage\":\"hu\"}]}<\/script>\n<!-- \/ Yoast SEO plugin. -->","yoast_head_json":{"title":"SMASHER Training pricelist for personal, group trainings and nutritional","description":"@ SMASHER we offer a wide range of services: personal and group trainings, restorative yoga classes, pole fitness, nutritional consultations","robots":{"index":"index","follow":"follow","max-snippet":"max-snippet:-1","max-image-preview":"max-image-preview:large","max-video-preview":"max-video-preview:-1"},"canonical":"https:\/\/smashertraining.com\/hu\/arak\/","og_locale":"hu_HU","og_type":"article","og_title":"SMASHER Training pricelist for personal, group trainings and nutritional","og_description":"@ SMASHER we offer a wide range of services: personal and group trainings, restorative yoga classes, pole fitness, nutritional consultations","og_url":"https:\/\/smashertraining.com\/hu\/arak\/","og_site_name":"SMASHER TRAINING SYSTEMS","article_modified_time":"2026-02-04T20:12:26+00:00","twitter_misc":{"Becs\u00fclt olvas\u00e1si id\u0151":"3 perc"},"schema":{"@context":"https:\/\/schema.org","@graph":[{"@type":"WebPage","@id":"https:\/\/smashertraining.com\/hu\/arak\/","url":"https:\/\/smashertraining.com\/hu\/arak\/","name":"SMASHER Training pricelist for personal, group trainings and nutritional","isPartOf":{"@id":"https:\/\/smashertraining.com\/#website"},"datePublished":"2015-12-22T13:03:42+00:00","dateModified":"2026-02-04T20:12:26+00:00","description":"@ SMASHER we offer a wide range of services: personal and group trainings, restorative yoga classes, pole fitness, nutritional consultations","breadcrumb":{"@id":"https:\/\/smashertraining.com\/hu\/arak\/#breadcrumb"},"inLanguage":"hu","potentialAction":[{"@type":"ReadAction","target":["https:\/\/smashertraining.com\/hu\/arak\/"]}]},{"@type":"BreadcrumbList","@id":"https:\/\/smashertraining.com\/hu\/arak\/#breadcrumb","itemListElement":[{"@type":"ListItem","position":1,"name":"Home","item":"https:\/\/smashertraining.com\/"},{"@type":"ListItem","position":2,"name":"\u00c1RAK"}]},{"@type":"WebSite","@id":"https:\/\/smashertraining.com\/#website","url":"https:\/\/smashertraining.com\/","name":"SMASHER TRAINING SYSTEMS","description":"Personal Trainer Budapest","potentialAction":[{"@type":"SearchAction","target":{"@type":"EntryPoint","urlTemplate":"https:\/\/smashertraining.com\/?s={search_term_string}"},"query-input":{"@type":"PropertyValueSpecification","valueRequired":true,"valueName":"search_term_string"}}],"inLanguage":"hu"}]}},"jetpack_sharing_enabled":true,"jetpack_shortlink":"https:\/\/wp.me\/Pa7t9V-96","_links":{"self":[{"href":"https:\/\/smashertraining.com\/hu\/wp-json\/wp\/v2\/pages\/564"}],"collection":[{"href":"https:\/\/smashertraining.com\/hu\/wp-json\/wp\/v2\/pages"}],"about":[{"href":"https:\/\/smashertraining.com\/hu\/wp-json\/wp\/v2\/types\/page"}],"author":[{"embeddable":true,"href":"https:\/\/smashertraining.com\/hu\/wp-json\/wp\/v2\/users\/1"}],"replies":[{"embeddable":true,"href":"https:\/\/smashertraining.com\/hu\/wp-json\/wp\/v2\/comments?post=564"}],"version-history":[{"count":65,"href":"https:\/\/smashertraining.com\/hu\/wp-json\/wp\/v2\/pages\/564\/revisions"}],"predecessor-version":[{"id":3476,"href":"https:\/\/smashertraining.com\/hu\/wp-json\/wp\/v2\/pages\/564\/revisions\/3476"}],"wp:attachment":[{"href":"https:\/\/smashertraining.com\/hu\/wp-json\/wp\/v2\/media?parent=564"}],"curies":[{"name":"wp","href":"https:\/\/api.w.org\/{rel}","templated":true}]}}